{"id":953,"date":"2023-06-08T10:57:43","date_gmt":"2023-06-08T07:57:43","guid":{"rendered":"https:\/\/ultrafenakademi.net\/?page_id=953"},"modified":"2026-01-06T00:21:10","modified_gmt":"2026-01-05T21:21:10","slug":"6-sinif-2-deneme-etkilesimli-tahta-uygulamasi","status":"publish","type":"page","link":"https:\/\/ultrafenakademi.net\/index.php\/6-sinif-2-deneme-etkilesimli-tahta-uygulamasi\/","title":{"rendered":"6.S\u0131n\u0131f 2.Deneme &#8211; Etkile\u015fimli tahta uygulamas\u0131"},"content":{"rendered":"<h4><div class=\"box warning  aligncenter\"><div class=\"box-inner-block\"><i class=\"fa tie-shortcode-boxicon\"><\/i>\n\t\t\t<strong>Etkile\u015fimli i\u00e7erik y\u00fckleniyor. <\/strong><br \/><strong>Sorular i\u00e7in sayfay\u0131 a\u015fa\u011f\u0131ya kayd\u0131r\u0131n.<\/strong><br \/><strong>Video \u00c7\u00f6z\u00fcmlere uygulaman\u0131n alt\u0131ndaki soru say\u0131lar\u0131ndan ula\u015fabilirsiniz.<\/strong> \n\t\t\t<\/div><\/div><\/h4>\n\n\n<div class=\"h5p-iframe-wrapper\"><iframe id=\"h5p-iframe-207\" class=\"h5p-iframe\" data-content-id=\"207\" style=\"height:1px\" src=\"about:blank\" frameBorder=\"0\" scrolling=\"no\" title=\"6.S\u0131n\u0131f 2.Deneme\"><\/iframe><\/div>\n\n\n\n<figure class=\"wp-block-image size-large\"><img loading=\"lazy\" decoding=\"async\" width=\"1024\" height=\"230\" src=\"https:\/\/ultrafenakademi.net\/wp-content\/uploads\/2021\/02\/telefonyan3-1024x230.jpg\" alt=\"\" class=\"wp-image-24\" srcset=\"https:\/\/ultrafenakademi.net\/wp-content\/uploads\/2021\/02\/telefonyan3-1024x230.jpg 1024w, https:\/\/ultrafenakademi.net\/wp-content\/uploads\/2021\/02\/telefonyan3-300x67.jpg 300w, https:\/\/ultrafenakademi.net\/wp-content\/uploads\/2021\/02\/telefonyan3-768x172.jpg 768w, https:\/\/ultrafenakademi.net\/wp-content\/uploads\/2021\/02\/telefonyan3.jpg 1167w\" sizes=\"auto, (max-width: 1024px) 100vw, 1024px\" \/><\/figure>\n\n\n\n<div class=\"wp-block-image\"><figure class=\"aligncenter size-large\"><img decoding=\"async\" src=\"https:\/\/fenkampus.net\/resim\/cozum2.jpg\" alt=\"\"\/><\/figure><\/div>\n\n\n\n<h2 class=\"wp-block-heading has-text-align-center\"><a href=\"https:\/\/www.youtube.com\/watch?v=P7INUMHaXhw&amp;list=PL_ac9x5_yx-WHC7MafhhpsqijoTeMJntK&amp;index=1&amp;t=15s\">1.Soru<\/a><\/h2>\n\n\n\n<h2 class=\"wp-block-heading has-text-align-center\"><a href=\"https:\/\/www.youtube.com\/watch?v=P7INUMHaXhw&amp;list=PL_ac9x5_yx-WHC7MafhhpsqijoTeMJntK&amp;index=1&amp;t=122s\">2.Soru<\/a><\/h2>\n\n\n\n<h2 class=\"wp-block-heading has-text-align-center\"><a href=\"https:\/\/www.youtube.com\/watch?v=P7INUMHaXhw&amp;list=PL_ac9x5_yx-WHC7MafhhpsqijoTeMJntK&amp;index=1&amp;t=180s\">3.Soru<\/a><\/h2>\n\n\n\n<h2 class=\"wp-block-heading has-text-align-center\"><a href=\"https:\/\/www.youtube.com\/watch?v=P7INUMHaXhw&amp;list=PL_ac9x5_yx-WHC7MafhhpsqijoTeMJntK&amp;index=1&amp;t=243s\">4.Soru<\/a><\/h2>\n\n\n\n<h2 class=\"wp-block-heading has-text-align-center\"><a href=\"https:\/\/www.youtube.com\/watch?v=P7INUMHaXhw&amp;list=PL_ac9x5_yx-WHC7MafhhpsqijoTeMJntK&amp;index=1&amp;t=406s\">5.Soru<\/a><\/h2>\n\n\n\n<h2 class=\"wp-block-heading has-text-align-center\"><a href=\"https:\/\/www.youtube.com\/watch?v=P7INUMHaXhw&amp;list=PL_ac9x5_yx-WHC7MafhhpsqijoTeMJntK&amp;index=1&amp;t=489s\">6.Soru<\/a><\/h2>\n\n\n\n<h2 class=\"wp-block-heading has-text-align-center\"><a href=\"https:\/\/www.youtube.com\/watch?v=P7INUMHaXhw&amp;list=PL_ac9x5_yx-WHC7MafhhpsqijoTeMJntK&amp;index=1&amp;t=602s\">7.Soru<\/a><\/h2>\n\n\n\n<h2 class=\"wp-block-heading has-text-align-center\"><a href=\"https:\/\/www.youtube.com\/watch?v=P7INUMHaXhw&amp;list=PL_ac9x5_yx-WHC7MafhhpsqijoTeMJntK&amp;index=1&amp;t=702s\">8.Soru<\/a><\/h2>\n\n\n\n<h2 class=\"wp-block-heading has-text-align-center\"><a href=\"https:\/\/www.youtube.com\/watch?v=P7INUMHaXhw&amp;list=PL_ac9x5_yx-WHC7MafhhpsqijoTeMJntK&amp;index=1&amp;t=843s\">9.Soru<\/a><\/h2>\n\n\n\n<h2 class=\"wp-block-heading has-text-align-center\"><a href=\"https:\/\/www.youtube.com\/watch?v=P7INUMHaXhw&amp;list=PL_ac9x5_yx-WHC7MafhhpsqijoTeMJntK&amp;index=1&amp;t=885s\">10.Soru<\/a><\/h2>\n\n\n\n<h2 class=\"wp-block-heading has-text-align-center\"><a href=\"https:\/\/www.youtube.com\/watch?v=P7INUMHaXhw&amp;list=PL_ac9x5_yx-WHC7MafhhpsqijoTeMJntK&amp;index=1&amp;t=981s\">11.Soru<\/a><\/h2>\n\n\n\n<h2 class=\"wp-block-heading has-text-align-center\"><a href=\"https:\/\/www.youtube.com\/watch?v=P7INUMHaXhw&amp;list=PL_ac9x5_yx-WHC7MafhhpsqijoTeMJntK&amp;index=1&amp;t=1051s\">12.Soru<\/a><\/h2>\n\n\n\n<h2 class=\"wp-block-heading has-text-align-center\"><a href=\"https:\/\/www.youtube.com\/watch?v=P7INUMHaXhw&amp;list=PL_ac9x5_yx-WHC7MafhhpsqijoTeMJntK&amp;index=1&amp;t=1093s\">13.Soru<\/a><\/h2>\n\n\n\n<h2 class=\"wp-block-heading has-text-align-center\"><a href=\"https:\/\/www.youtube.com\/watch?v=P7INUMHaXhw&amp;list=PL_ac9x5_yx-WHC7MafhhpsqijoTeMJntK&amp;index=1&amp;t=1194s\">14.Soru<\/a><\/h2>\n\n\n\n<h2 class=\"wp-block-heading has-text-align-center\"><a href=\"https:\/\/www.youtube.com\/watch?v=P7INUMHaXhw&amp;list=PL_ac9x5_yx-WHC7MafhhpsqijoTeMJntK&amp;index=1&amp;t=1245s\">15.Soru<\/a><\/h2>\n","protected":false},"excerpt":{"rendered":"<p>1.Soru 2.Soru 3.Soru 4.Soru 5.Soru 6.Soru 7.Soru 8.Soru 9.Soru 10.Soru 11.Soru 12.Soru 13.Soru 14.Soru 15.Soru<\/p>\n","protected":false},"author":1,"featured_media":0,"parent":0,"menu_order":0,"comment_status":"open","ping_status":"closed","template":"","meta":{"footnotes":""},"class_list":["post-953","page","type-page","status-publish",""],"_links":{"self":[{"href":"https:\/\/ultrafenakademi.net\/index.php\/wp-json\/wp\/v2\/pages\/953","targetHints":{"allow":["GET"]}}],"collection":[{"href":"https:\/\/ultrafenakademi.net\/index.php\/wp-json\/wp\/v2\/pages"}],"about":[{"href":"https:\/\/ultrafenakademi.net\/index.php\/wp-json\/wp\/v2\/types\/page"}],"author":[{"embeddable":true,"href":"https:\/\/ultrafenakademi.net\/index.php\/wp-json\/wp\/v2\/users\/1"}],"replies":[{"embeddable":true,"href":"https:\/\/ultrafenakademi.net\/index.php\/wp-json\/wp\/v2\/comments?post=953"}],"version-history":[{"count":6,"href":"https:\/\/ultrafenakademi.net\/index.php\/wp-json\/wp\/v2\/pages\/953\/revisions"}],"predecessor-version":[{"id":1331,"href":"https:\/\/ultrafenakademi.net\/index.php\/wp-json\/wp\/v2\/pages\/953\/revisions\/1331"}],"wp:attachment":[{"href":"https:\/\/ultrafenakademi.net\/index.php\/wp-json\/wp\/v2\/media?parent=953"}],"curies":[{"name":"wp","href":"https:\/\/api.w.org\/{rel}","templated":true}]}}