{"id":948,"date":"2023-06-03T08:53:50","date_gmt":"2023-06-03T05:53:50","guid":{"rendered":"https:\/\/ultrafenakademi.net\/?page_id=948"},"modified":"2023-08-08T01:39:37","modified_gmt":"2023-08-07T22:39:37","slug":"2018-2019-5-sinif-9-deneme-etkilesimli-tahta-uygulamasi","status":"publish","type":"page","link":"https:\/\/ultrafenakademi.net\/index.php\/2018-2019-5-sinif-9-deneme-etkilesimli-tahta-uygulamasi\/","title":{"rendered":"(2018-2019) 5.S\u0131n\u0131f 9.Deneme &#8211; Etkile\u015fimli tahta uygulamas\u0131"},"content":{"rendered":"\n<div class=\"h5p-iframe-wrapper\"><iframe id=\"h5p-iframe-205\" class=\"h5p-iframe\" data-content-id=\"205\" style=\"height:1px\" src=\"about:blank\" frameBorder=\"0\" scrolling=\"no\" title=\"(2018-2019) 5.S\u0131n\u0131f 9.Deneme\"><\/iframe><\/div>\n\n\n\n<p><\/p>\n\n\n\n<figure class=\"wp-block-image size-large\"><img loading=\"lazy\" decoding=\"async\" width=\"1024\" height=\"230\" src=\"https:\/\/ultrafenakademi.net\/wp-content\/uploads\/2021\/02\/telefonyan3-1024x230.jpg\" alt=\"\" class=\"wp-image-24\" srcset=\"https:\/\/ultrafenakademi.net\/wp-content\/uploads\/2021\/02\/telefonyan3-1024x230.jpg 1024w, https:\/\/ultrafenakademi.net\/wp-content\/uploads\/2021\/02\/telefonyan3-300x67.jpg 300w, https:\/\/ultrafenakademi.net\/wp-content\/uploads\/2021\/02\/telefonyan3-768x172.jpg 768w, https:\/\/ultrafenakademi.net\/wp-content\/uploads\/2021\/02\/telefonyan3.jpg 1167w\" sizes=\"auto, (max-width: 1024px) 100vw, 1024px\" \/><\/figure>\n\n\n\n<div class=\"wp-block-image\"><figure class=\"aligncenter size-large\"><img decoding=\"async\" src=\"https:\/\/fenkampus.net\/resim\/cozum2.jpg\" alt=\"\"\/><\/figure><\/div>\n\n\n\n<h2 class=\"wp-block-heading has-text-align-center\" style=\"font-style:italic;font-weight:800\"><a href=\"https:\/\/www.youtube.com\/watch?v=Lupuv3ORuNI&amp;list=PL_ac9x5_yx-WGtu4uC1_O7WXnpt51UsLK&amp;index=11&amp;t=22s\">1.Soru<\/a><\/h2>\n\n\n\n<h2 class=\"wp-block-heading has-text-align-center\" style=\"font-style:italic;font-weight:800\"><a href=\"https:\/\/www.youtube.com\/watch?v=Lupuv3ORuNI&amp;list=PL_ac9x5_yx-WGtu4uC1_O7WXnpt51UsLK&amp;index=11&amp;t=139s\">2.Soru<\/a><\/h2>\n\n\n\n<h2 class=\"wp-block-heading has-text-align-center\" style=\"font-style:italic;font-weight:800\"><a href=\"https:\/\/www.youtube.com\/watch?v=Lupuv3ORuNI&amp;list=PL_ac9x5_yx-WGtu4uC1_O7WXnpt51UsLK&amp;index=11&amp;t=173s\">3.Soru<\/a><\/h2>\n\n\n\n<h2 class=\"wp-block-heading has-text-align-center\" style=\"font-style:italic;font-weight:800\"><a href=\"https:\/\/www.youtube.com\/watch?v=Lupuv3ORuNI&amp;list=PL_ac9x5_yx-WGtu4uC1_O7WXnpt51UsLK&amp;index=11&amp;t=217s\">4.Soru<\/a><\/h2>\n\n\n\n<h2 class=\"wp-block-heading has-text-align-center\" style=\"font-style:italic;font-weight:800\"><a href=\"https:\/\/www.youtube.com\/watch?v=Lupuv3ORuNI&amp;list=PL_ac9x5_yx-WGtu4uC1_O7WXnpt51UsLK&amp;index=11&amp;t=276s\">5.Soru<\/a><\/h2>\n\n\n\n<h2 class=\"wp-block-heading has-text-align-center\" style=\"font-style:italic;font-weight:800\"><a href=\"https:\/\/www.youtube.com\/watch?v=Lupuv3ORuNI&amp;list=PL_ac9x5_yx-WGtu4uC1_O7WXnpt51UsLK&amp;index=11&amp;t=325s\">6.Soru<\/a><\/h2>\n\n\n\n<h2 class=\"wp-block-heading has-text-align-center\" style=\"font-style:italic;font-weight:800\"><a href=\"https:\/\/www.youtube.com\/watch?v=Lupuv3ORuNI&amp;list=PL_ac9x5_yx-WGtu4uC1_O7WXnpt51UsLK&amp;index=11&amp;t=371s\">7.Soru<\/a><\/h2>\n\n\n\n<h2 class=\"wp-block-heading has-text-align-center\" style=\"font-style:italic;font-weight:800\"><a href=\"https:\/\/www.youtube.com\/watch?v=Lupuv3ORuNI&amp;list=PL_ac9x5_yx-WGtu4uC1_O7WXnpt51UsLK&amp;index=11&amp;t=468s\">8.Soru<\/a><\/h2>\n\n\n\n<h2 class=\"wp-block-heading has-text-align-center\" style=\"font-style:italic;font-weight:800\"><a href=\"https:\/\/www.youtube.com\/watch?v=Lupuv3ORuNI&amp;list=PL_ac9x5_yx-WGtu4uC1_O7WXnpt51UsLK&amp;index=11&amp;t=506s\">9.Soru<\/a><\/h2>\n\n\n\n<h2 class=\"wp-block-heading has-text-align-center\" style=\"font-style:italic;font-weight:800\"><a href=\"https:\/\/www.youtube.com\/watch?v=Lupuv3ORuNI&amp;list=PL_ac9x5_yx-WGtu4uC1_O7WXnpt51UsLK&amp;index=11&amp;t=538s\">10.Soru<\/a><\/h2>\n\n\n\n<h2 class=\"wp-block-heading has-text-align-center\" style=\"font-style:italic;font-weight:800\"><a href=\"https:\/\/www.youtube.com\/watch?v=Lupuv3ORuNI&amp;list=PL_ac9x5_yx-WGtu4uC1_O7WXnpt51UsLK&amp;index=11&amp;t=589s\">11.Soru<\/a><\/h2>\n\n\n\n<h2 class=\"wp-block-heading has-text-align-center\" style=\"font-style:italic;font-weight:800\"><a href=\"https:\/\/www.youtube.com\/watch?v=Lupuv3ORuNI&amp;list=PL_ac9x5_yx-WGtu4uC1_O7WXnpt51UsLK&amp;index=11&amp;t=635s\">12.Soru<\/a><\/h2>\n\n\n\n<h2 class=\"wp-block-heading has-text-align-center\" style=\"font-style:italic;font-weight:800\"><a href=\"https:\/\/www.youtube.com\/watch?v=Lupuv3ORuNI&amp;list=PL_ac9x5_yx-WGtu4uC1_O7WXnpt51UsLK&amp;index=11&amp;t=691s\">13.Soru<\/a><\/h2>\n\n\n\n<h2 class=\"wp-block-heading has-text-align-center\" style=\"font-style:italic;font-weight:800\"><a href=\"https:\/\/www.youtube.com\/watch?v=Lupuv3ORuNI&amp;list=PL_ac9x5_yx-WGtu4uC1_O7WXnpt51UsLK&amp;index=11&amp;t=718s\">14.Soru<\/a><\/h2>\n\n\n\n<h2 class=\"wp-block-heading has-text-align-center\" style=\"font-style:italic;font-weight:800\"><a href=\"https:\/\/www.youtube.com\/watch?v=Lupuv3ORuNI&amp;list=PL_ac9x5_yx-WGtu4uC1_O7WXnpt51UsLK&amp;index=11&amp;t=748s\">15.Soru<\/a><\/h2>\n\n\n\n<h2 class=\"wp-block-heading has-text-align-center\" style=\"font-style:italic;font-weight:800\"><a href=\"https:\/\/www.youtube.com\/watch?v=Lupuv3ORuNI&amp;list=PL_ac9x5_yx-WGtu4uC1_O7WXnpt51UsLK&amp;index=11&amp;t=775s\">16.Soru<\/a><\/h2>\n\n\n\n<h2 class=\"wp-block-heading has-text-align-center\" style=\"font-style:italic;font-weight:800\"><a href=\"https:\/\/www.youtube.com\/watch?v=Lupuv3ORuNI&amp;list=PL_ac9x5_yx-WGtu4uC1_O7WXnpt51UsLK&amp;index=11&amp;t=813s\">17.Soru<\/a><\/h2>\n\n\n\n<h2 class=\"wp-block-heading has-text-align-center\" style=\"font-style:italic;font-weight:800\"><a href=\"https:\/\/www.youtube.com\/watch?v=Lupuv3ORuNI&amp;list=PL_ac9x5_yx-WGtu4uC1_O7WXnpt51UsLK&amp;index=11&amp;t=833s\">18.Soru<\/a><\/h2>\n\n\n\n<h2 class=\"wp-block-heading has-text-align-center\" style=\"font-style:italic;font-weight:800\"><a href=\"https:\/\/www.youtube.com\/watch?v=Lupuv3ORuNI&amp;list=PL_ac9x5_yx-WGtu4uC1_O7WXnpt51UsLK&amp;index=11&amp;t=924s\">19.Soru<\/a><\/h2>\n\n\n\n<h2 class=\"wp-block-heading has-text-align-center\" style=\"font-style:italic;font-weight:800\"><a href=\"https:\/\/www.youtube.com\/watch?v=Lupuv3ORuNI&amp;list=PL_ac9x5_yx-WGtu4uC1_O7WXnpt51UsLK&amp;index=11&amp;t=999s\">20.Soru<\/a><\/h2>\n","protected":false},"excerpt":{"rendered":"<p>1.Soru 2.Soru 3.Soru 4.Soru 5.Soru 6.Soru 7.Soru 8.Soru 9.Soru 10.Soru 11.Soru 12.Soru 13.Soru 14.Soru 15.Soru 16.Soru 17.Soru 18.Soru 19.Soru 20.Soru<\/p>\n","protected":false},"author":1,"featured_media":0,"parent":0,"menu_order":0,"comment_status":"open","ping_status":"closed","template":"","meta":{"footnotes":""},"class_list":["post-948","page","type-page","status-publish",""],"_links":{"self":[{"href":"https:\/\/ultrafenakademi.net\/index.php\/wp-json\/wp\/v2\/pages\/948","targetHints":{"allow":["GET"]}}],"collection":[{"href":"https:\/\/ultrafenakademi.net\/index.php\/wp-json\/wp\/v2\/pages"}],"about":[{"href":"https:\/\/ultrafenakademi.net\/index.php\/wp-json\/wp\/v2\/types\/page"}],"author":[{"embeddable":true,"href":"https:\/\/ultrafenakademi.net\/index.php\/wp-json\/wp\/v2\/users\/1"}],"replies":[{"embeddable":true,"href":"https:\/\/ultrafenakademi.net\/index.php\/wp-json\/wp\/v2\/comments?post=948"}],"version-history":[{"count":2,"href":"https:\/\/ultrafenakademi.net\/index.php\/wp-json\/wp\/v2\/pages\/948\/revisions"}],"predecessor-version":[{"id":984,"href":"https:\/\/ultrafenakademi.net\/index.php\/wp-json\/wp\/v2\/pages\/948\/revisions\/984"}],"wp:attachment":[{"href":"https:\/\/ultrafenakademi.net\/index.php\/wp-json\/wp\/v2\/media?parent=948"}],"curies":[{"name":"wp","href":"https:\/\/api.w.org\/{rel}","templated":true}]}}