{"id":946,"date":"2023-06-03T08:48:25","date_gmt":"2023-06-03T05:48:25","guid":{"rendered":"https:\/\/ultrafenakademi.net\/?page_id=946"},"modified":"2023-08-08T01:21:04","modified_gmt":"2023-08-07T22:21:04","slug":"2018-2019-5-sinif-8-deneme-etkilesimli-tahta-uygulamasi","status":"publish","type":"page","link":"https:\/\/ultrafenakademi.net\/index.php\/2018-2019-5-sinif-8-deneme-etkilesimli-tahta-uygulamasi\/","title":{"rendered":"(2018-2019) 5.S\u0131n\u0131f 8.Deneme &#8211; Etkile\u015fimli tahta uygulamas\u0131"},"content":{"rendered":"\n<div class=\"h5p-iframe-wrapper\"><iframe id=\"h5p-iframe-204\" class=\"h5p-iframe\" data-content-id=\"204\" style=\"height:1px\" src=\"about:blank\" frameBorder=\"0\" scrolling=\"no\" title=\"(2018-2019) 5.S\u0131n\u0131f 8.Deneme\"><\/iframe><\/div>\n\n\n\n<p><\/p>\n\n\n\n<figure class=\"wp-block-image size-large\"><img loading=\"lazy\" decoding=\"async\" width=\"1024\" height=\"230\" src=\"https:\/\/ultrafenakademi.net\/wp-content\/uploads\/2021\/02\/telefonyan3-1024x230.jpg\" alt=\"\" class=\"wp-image-24\" srcset=\"https:\/\/ultrafenakademi.net\/wp-content\/uploads\/2021\/02\/telefonyan3-1024x230.jpg 1024w, https:\/\/ultrafenakademi.net\/wp-content\/uploads\/2021\/02\/telefonyan3-300x67.jpg 300w, https:\/\/ultrafenakademi.net\/wp-content\/uploads\/2021\/02\/telefonyan3-768x172.jpg 768w, https:\/\/ultrafenakademi.net\/wp-content\/uploads\/2021\/02\/telefonyan3.jpg 1167w\" sizes=\"auto, (max-width: 1024px) 100vw, 1024px\" \/><\/figure>\n\n\n\n<div class=\"wp-block-image\"><figure class=\"aligncenter size-large\"><img decoding=\"async\" src=\"https:\/\/fenkampus.net\/resim\/cozum2.jpg\" alt=\"\"\/><\/figure><\/div>\n\n\n\n<h2 class=\"wp-block-heading has-text-align-center\" style=\"font-style:italic;font-weight:800\"><a href=\"https:\/\/www.youtube.com\/watch?v=oXJo-iFFDK8&amp;list=PL_ac9x5_yx-WGtu4uC1_O7WXnpt51UsLK&amp;index=11&amp;t=21s\">1.Soru<\/a><\/h2>\n\n\n\n<h2 class=\"wp-block-heading has-text-align-center\" style=\"font-style:italic;font-weight:800\"><a href=\"https:\/\/www.youtube.com\/watch?v=oXJo-iFFDK8&amp;list=PL_ac9x5_yx-WGtu4uC1_O7WXnpt51UsLK&amp;index=11&amp;t=66s\">2.Soru<\/a><\/h2>\n\n\n\n<h2 class=\"wp-block-heading has-text-align-center\" style=\"font-style:italic;font-weight:800\"><a href=\"https:\/\/www.youtube.com\/watch?v=oXJo-iFFDK8&amp;list=PL_ac9x5_yx-WGtu4uC1_O7WXnpt51UsLK&amp;index=11&amp;t=167s\">3.Soru<\/a><\/h2>\n\n\n\n<h2 class=\"wp-block-heading has-text-align-center\" style=\"font-style:italic;font-weight:800\"><a href=\"https:\/\/www.youtube.com\/watch?v=oXJo-iFFDK8&amp;list=PL_ac9x5_yx-WGtu4uC1_O7WXnpt51UsLK&amp;index=11&amp;t=237s\">4.Soru<\/a><\/h2>\n\n\n\n<h2 class=\"wp-block-heading has-text-align-center\" style=\"font-style:italic;font-weight:800\"><a href=\"https:\/\/www.youtube.com\/watch?v=oXJo-iFFDK8&amp;list=PL_ac9x5_yx-WGtu4uC1_O7WXnpt51UsLK&amp;index=11&amp;t=288s\">5.Soru<\/a><\/h2>\n\n\n\n<h2 class=\"wp-block-heading has-text-align-center\" style=\"font-style:italic;font-weight:800\"><a href=\"https:\/\/www.youtube.com\/watch?v=oXJo-iFFDK8&amp;list=PL_ac9x5_yx-WGtu4uC1_O7WXnpt51UsLK&amp;index=11&amp;t=352s\">6.Soru<\/a><\/h2>\n\n\n\n<h2 class=\"wp-block-heading has-text-align-center\" style=\"font-style:italic;font-weight:800\"><a href=\"https:\/\/www.youtube.com\/watch?v=oXJo-iFFDK8&amp;list=PL_ac9x5_yx-WGtu4uC1_O7WXnpt51UsLK&amp;index=11&amp;t=425s\">7.Soru<\/a><\/h2>\n\n\n\n<h2 class=\"wp-block-heading has-text-align-center\" style=\"font-style:italic;font-weight:800\"><a href=\"https:\/\/www.youtube.com\/watch?v=oXJo-iFFDK8&amp;list=PL_ac9x5_yx-WGtu4uC1_O7WXnpt51UsLK&amp;index=11&amp;t=495s\">8.Soru<\/a><\/h2>\n\n\n\n<h2 class=\"wp-block-heading has-text-align-center\" style=\"font-style:italic;font-weight:800\"><a href=\"https:\/\/www.youtube.com\/watch?v=oXJo-iFFDK8&amp;list=PL_ac9x5_yx-WGtu4uC1_O7WXnpt51UsLK&amp;index=11&amp;t=554s\">9.Soru<\/a><\/h2>\n\n\n\n<h2 class=\"wp-block-heading has-text-align-center\" style=\"font-style:italic;font-weight:800\"><a href=\"https:\/\/www.youtube.com\/watch?v=oXJo-iFFDK8&amp;list=PL_ac9x5_yx-WGtu4uC1_O7WXnpt51UsLK&amp;index=11&amp;t=618s\">10.Soru<\/a><\/h2>\n\n\n\n<h2 class=\"wp-block-heading has-text-align-center\" style=\"font-style:italic;font-weight:800\"><a href=\"https:\/\/www.youtube.com\/watch?v=oXJo-iFFDK8&amp;list=PL_ac9x5_yx-WGtu4uC1_O7WXnpt51UsLK&amp;index=11&amp;t=691s\">11.Soru<\/a><\/h2>\n\n\n\n<h2 class=\"wp-block-heading has-text-align-center\" style=\"font-style:italic;font-weight:800\"><a href=\"https:\/\/www.youtube.com\/watch?v=oXJo-iFFDK8&amp;list=PL_ac9x5_yx-WGtu4uC1_O7WXnpt51UsLK&amp;index=11&amp;t=757s\">12.Soru<\/a><\/h2>\n\n\n\n<h2 class=\"wp-block-heading has-text-align-center\" style=\"font-style:italic;font-weight:800\"><a href=\"https:\/\/www.youtube.com\/watch?v=oXJo-iFFDK8&amp;list=PL_ac9x5_yx-WGtu4uC1_O7WXnpt51UsLK&amp;index=11&amp;t=840s\">13.Soru<\/a><\/h2>\n\n\n\n<h2 class=\"wp-block-heading has-text-align-center\" style=\"font-style:italic;font-weight:800\"><a href=\"https:\/\/www.youtube.com\/watch?v=oXJo-iFFDK8&amp;list=PL_ac9x5_yx-WGtu4uC1_O7WXnpt51UsLK&amp;index=11&amp;t=875s\">14.Soru<\/a><\/h2>\n\n\n\n<h2 class=\"wp-block-heading has-text-align-center\" style=\"font-style:italic;font-weight:800\"><a href=\"https:\/\/www.youtube.com\/watch?v=oXJo-iFFDK8&amp;list=PL_ac9x5_yx-WGtu4uC1_O7WXnpt51UsLK&amp;index=11&amp;t=943s\">15.Soru<\/a><\/h2>\n\n\n\n<h2 class=\"wp-block-heading has-text-align-center\" style=\"font-style:italic;font-weight:800\"><a href=\"https:\/\/www.youtube.com\/watch?v=oXJo-iFFDK8&amp;list=PL_ac9x5_yx-WGtu4uC1_O7WXnpt51UsLK&amp;index=11&amp;t=1037s\">16.Soru<\/a><\/h2>\n\n\n\n<h2 class=\"wp-block-heading has-text-align-center\" style=\"font-style:italic;font-weight:800\"><a href=\"https:\/\/www.youtube.com\/watch?v=oXJo-iFFDK8&amp;list=PL_ac9x5_yx-WGtu4uC1_O7WXnpt51UsLK&amp;index=11&amp;t=1088s\">17.Soru<\/a><\/h2>\n\n\n\n<h2 class=\"wp-block-heading has-text-align-center\" style=\"font-style:italic;font-weight:800\"><a href=\"https:\/\/www.youtube.com\/watch?v=oXJo-iFFDK8&amp;list=PL_ac9x5_yx-WGtu4uC1_O7WXnpt51UsLK&amp;index=11&amp;t=1131s\">18.Soru<\/a><\/h2>\n\n\n\n<h2 class=\"wp-block-heading has-text-align-center\" style=\"font-style:italic;font-weight:800\"><a href=\"https:\/\/www.youtube.com\/watch?v=oXJo-iFFDK8&amp;list=PL_ac9x5_yx-WGtu4uC1_O7WXnpt51UsLK&amp;index=11&amp;t=1155s\">19.Soru<\/a><\/h2>\n\n\n\n<h2 class=\"wp-block-heading has-text-align-center\" style=\"font-style:italic;font-weight:800\"><a href=\"https:\/\/www.youtube.com\/watch?v=oXJo-iFFDK8&amp;list=PL_ac9x5_yx-WGtu4uC1_O7WXnpt51UsLK&amp;index=11&amp;t=1208s\">20.Soru<\/a><\/h2>\n","protected":false},"excerpt":{"rendered":"<p>1.Soru 2.Soru 3.Soru 4.Soru 5.Soru 6.Soru 7.Soru 8.Soru 9.Soru 10.Soru 11.Soru 12.Soru 13.Soru 14.Soru 15.Soru 16.Soru 17.Soru 18.Soru 19.Soru 20.Soru<\/p>\n","protected":false},"author":1,"featured_media":0,"parent":0,"menu_order":0,"comment_status":"open","ping_status":"closed","template":"","meta":{"footnotes":""},"class_list":["post-946","page","type-page","status-publish",""],"_links":{"self":[{"href":"https:\/\/ultrafenakademi.net\/index.php\/wp-json\/wp\/v2\/pages\/946","targetHints":{"allow":["GET"]}}],"collection":[{"href":"https:\/\/ultrafenakademi.net\/index.php\/wp-json\/wp\/v2\/pages"}],"about":[{"href":"https:\/\/ultrafenakademi.net\/index.php\/wp-json\/wp\/v2\/types\/page"}],"author":[{"embeddable":true,"href":"https:\/\/ultrafenakademi.net\/index.php\/wp-json\/wp\/v2\/users\/1"}],"replies":[{"embeddable":true,"href":"https:\/\/ultrafenakademi.net\/index.php\/wp-json\/wp\/v2\/comments?post=946"}],"version-history":[{"count":3,"href":"https:\/\/ultrafenakademi.net\/index.php\/wp-json\/wp\/v2\/pages\/946\/revisions"}],"predecessor-version":[{"id":982,"href":"https:\/\/ultrafenakademi.net\/index.php\/wp-json\/wp\/v2\/pages\/946\/revisions\/982"}],"wp:attachment":[{"href":"https:\/\/ultrafenakademi.net\/index.php\/wp-json\/wp\/v2\/media?parent=946"}],"curies":[{"name":"wp","href":"https:\/\/api.w.org\/{rel}","templated":true}]}}