{"id":936,"date":"2023-06-01T16:09:10","date_gmt":"2023-06-01T13:09:10","guid":{"rendered":"https:\/\/ultrafenakademi.net\/?page_id=936"},"modified":"2026-01-06T00:19:56","modified_gmt":"2026-01-05T21:19:56","slug":"5-sinif-3-deneme-etkilesimli-tahta-uygulamasi","status":"publish","type":"page","link":"https:\/\/ultrafenakademi.net\/index.php\/5-sinif-3-deneme-etkilesimli-tahta-uygulamasi\/","title":{"rendered":"5.S\u0131n\u0131f 3.Deneme (Yeni Maarif Modeli)- Etkile\u015fimli tahta uygulamas\u0131"},"content":{"rendered":"<h4><div class=\"box warning  aligncenter\"><div class=\"box-inner-block\"><i class=\"fa tie-shortcode-boxicon\"><\/i>\n\t\t\t<strong>Etkile\u015fimli i\u00e7erik y\u00fckleniyor. <\/strong><br \/><strong>Sorular i\u00e7in sayfay\u0131 a\u015fa\u011f\u0131ya kayd\u0131r\u0131n.<\/strong><br \/><strong>Video \u00c7\u00f6z\u00fcmlere uygulaman\u0131n alt\u0131ndaki soru say\u0131lar\u0131ndan ula\u015fabilirsiniz.<\/strong> \n\t\t\t<\/div><\/div><\/h4>\n\n\n<div class=\"h5p-iframe-wrapper\"><iframe id=\"h5p-iframe-199\" class=\"h5p-iframe\" data-content-id=\"199\" style=\"height:1px\" src=\"about:blank\" frameBorder=\"0\" scrolling=\"no\" title=\"5.S\u0131n\u0131f 3.Deneme\"><\/iframe><\/div>\n\n\n\n<p><\/p>\n\n\n\n<figure class=\"wp-block-image size-large\"><img loading=\"lazy\" decoding=\"async\" width=\"1024\" height=\"230\" src=\"https:\/\/ultrafenakademi.net\/wp-content\/uploads\/2021\/02\/telefonyan3-1024x230.jpg\" alt=\"\" class=\"wp-image-24\" srcset=\"https:\/\/ultrafenakademi.net\/wp-content\/uploads\/2021\/02\/telefonyan3-1024x230.jpg 1024w, https:\/\/ultrafenakademi.net\/wp-content\/uploads\/2021\/02\/telefonyan3-300x67.jpg 300w, https:\/\/ultrafenakademi.net\/wp-content\/uploads\/2021\/02\/telefonyan3-768x172.jpg 768w, https:\/\/ultrafenakademi.net\/wp-content\/uploads\/2021\/02\/telefonyan3.jpg 1167w\" sizes=\"auto, (max-width: 1024px) 100vw, 1024px\" \/><\/figure>\n\n\n\n<div class=\"wp-block-image\"><figure class=\"aligncenter size-large\"><img decoding=\"async\" src=\"https:\/\/fenkampus.net\/resim\/cozum2.jpg\" alt=\"\"\/><\/figure><\/div>\n\n\n\n<h2 class=\"wp-block-heading has-text-align-center\" style=\"font-style:italic;font-weight:800\"><a href=\"https:\/\/www.youtube.com\/watch?v=MQKbe4sPSM0&amp;list=PL_ac9x5_yx-VvhLlH9v0XKYDJ5NnyUnIH&amp;index=1&amp;t=16s\">1.Soru<\/a><\/h2>\n\n\n\n<h2 class=\"wp-block-heading has-text-align-center\"><a href=\"https:\/\/www.youtube.com\/watch?v=MQKbe4sPSM0&amp;list=PL_ac9x5_yx-VvhLlH9v0XKYDJ5NnyUnIH&amp;index=1&amp;t=105s\">2.Soru<\/a><\/h2>\n\n\n\n<h2 class=\"wp-block-heading has-text-align-center\"><a href=\"https:\/\/www.youtube.com\/watch?v=MQKbe4sPSM0&amp;list=PL_ac9x5_yx-VvhLlH9v0XKYDJ5NnyUnIH&amp;index=1&amp;t=147s\">3.Soru<\/a><\/h2>\n\n\n\n<h2 class=\"wp-block-heading has-text-align-center\"><a href=\"https:\/\/www.youtube.com\/watch?v=MQKbe4sPSM0&amp;list=PL_ac9x5_yx-VvhLlH9v0XKYDJ5NnyUnIH&amp;index=1&amp;t=221s\">4.Soru<\/a><\/h2>\n\n\n\n<h2 class=\"wp-block-heading has-text-align-center\"><a href=\"https:\/\/www.youtube.com\/watch?v=MQKbe4sPSM0&amp;list=PL_ac9x5_yx-VvhLlH9v0XKYDJ5NnyUnIH&amp;index=1&amp;t=351s\">5.Soru<\/a><\/h2>\n\n\n\n<h2 class=\"wp-block-heading has-text-align-center\"><a href=\"https:\/\/www.youtube.com\/watch?v=MQKbe4sPSM0&amp;list=PL_ac9x5_yx-VvhLlH9v0XKYDJ5NnyUnIH&amp;index=1&amp;t=435s\">6.Soru<\/a><\/h2>\n\n\n\n<h2 class=\"wp-block-heading has-text-align-center\"><a href=\"https:\/\/www.youtube.com\/watch?v=MQKbe4sPSM0&amp;list=PL_ac9x5_yx-VvhLlH9v0XKYDJ5NnyUnIH&amp;index=1&amp;t=628s\">7.Soru<\/a><\/h2>\n\n\n\n<h2 class=\"wp-block-heading has-text-align-center\"><a href=\"https:\/\/www.youtube.com\/watch?v=MQKbe4sPSM0&amp;list=PL_ac9x5_yx-VvhLlH9v0XKYDJ5NnyUnIH&amp;index=1&amp;t=706s\">8.Soru<\/a><\/h2>\n\n\n\n<h2 class=\"wp-block-heading has-text-align-center\"><a href=\"https:\/\/www.youtube.com\/watch?v=MQKbe4sPSM0&amp;list=PL_ac9x5_yx-VvhLlH9v0XKYDJ5NnyUnIH&amp;index=1&amp;t=758s\">9.Soru<\/a><\/h2>\n\n\n\n<h2 class=\"wp-block-heading has-text-align-center\"><a href=\"https:\/\/www.youtube.com\/watch?v=MQKbe4sPSM0&amp;list=PL_ac9x5_yx-VvhLlH9v0XKYDJ5NnyUnIH&amp;index=1&amp;t=830s\">10.Soru<\/a><\/h2>\n\n\n\n<h2 class=\"wp-block-heading has-text-align-center\"><a href=\"https:\/\/www.youtube.com\/watch?v=MQKbe4sPSM0&amp;list=PL_ac9x5_yx-VvhLlH9v0XKYDJ5NnyUnIH&amp;index=1&amp;t=942s\">11.Soru<\/a><\/h2>\n\n\n\n<h2 class=\"wp-block-heading has-text-align-center\"><a href=\"https:\/\/www.youtube.com\/watch?v=MQKbe4sPSM0&amp;list=PL_ac9x5_yx-VvhLlH9v0XKYDJ5NnyUnIH&amp;index=1&amp;t=1011s\">12.Soru<\/a><\/h2>\n\n\n\n<h2 class=\"wp-block-heading has-text-align-center\"><a href=\"https:\/\/www.youtube.com\/watch?v=MQKbe4sPSM0&amp;list=PL_ac9x5_yx-VvhLlH9v0XKYDJ5NnyUnIH&amp;index=1&amp;t=1076s\">13.Soru<\/a><\/h2>\n\n\n\n<h2 class=\"wp-block-heading has-text-align-center\"><a href=\"https:\/\/www.youtube.com\/watch?v=MQKbe4sPSM0&amp;list=PL_ac9x5_yx-VvhLlH9v0XKYDJ5NnyUnIH&amp;index=1&amp;t=1148s\">14.Soru<\/a><\/h2>\n\n\n\n<h2 class=\"wp-block-heading has-text-align-center\"><a href=\"https:\/\/www.youtube.com\/watch?v=MQKbe4sPSM0&amp;list=PL_ac9x5_yx-VvhLlH9v0XKYDJ5NnyUnIH&amp;index=1&amp;t=1269s\">15.Soru<\/a><\/h2>\n","protected":false},"excerpt":{"rendered":"<p>1.Soru 2.Soru 3.Soru 4.Soru 5.Soru 6.Soru 7.Soru 8.Soru 9.Soru 10.Soru 11.Soru 12.Soru 13.Soru 14.Soru 15.Soru<\/p>\n","protected":false},"author":1,"featured_media":0,"parent":0,"menu_order":0,"comment_status":"open","ping_status":"closed","template":"","meta":{"footnotes":""},"class_list":["post-936","page","type-page","status-publish",""],"_links":{"self":[{"href":"https:\/\/ultrafenakademi.net\/index.php\/wp-json\/wp\/v2\/pages\/936","targetHints":{"allow":["GET"]}}],"collection":[{"href":"https:\/\/ultrafenakademi.net\/index.php\/wp-json\/wp\/v2\/pages"}],"about":[{"href":"https:\/\/ultrafenakademi.net\/index.php\/wp-json\/wp\/v2\/types\/page"}],"author":[{"embeddable":true,"href":"https:\/\/ultrafenakademi.net\/index.php\/wp-json\/wp\/v2\/users\/1"}],"replies":[{"embeddable":true,"href":"https:\/\/ultrafenakademi.net\/index.php\/wp-json\/wp\/v2\/comments?post=936"}],"version-history":[{"count":5,"href":"https:\/\/ultrafenakademi.net\/index.php\/wp-json\/wp\/v2\/pages\/936\/revisions"}],"predecessor-version":[{"id":1329,"href":"https:\/\/ultrafenakademi.net\/index.php\/wp-json\/wp\/v2\/pages\/936\/revisions\/1329"}],"wp:attachment":[{"href":"https:\/\/ultrafenakademi.net\/index.php\/wp-json\/wp\/v2\/media?parent=936"}],"curies":[{"name":"wp","href":"https:\/\/api.w.org\/{rel}","templated":true}]}}