{"id":92,"date":"2021-03-22T13:36:25","date_gmt":"2021-03-22T10:36:25","guid":{"rendered":"https:\/\/ultrafenakademi.net\/?page_id=92"},"modified":"2022-05-20T12:39:45","modified_gmt":"2022-05-20T09:39:45","slug":"2020-2021-8-sinif-7-deneme-etkilesimli-icerik","status":"publish","type":"page","link":"https:\/\/ultrafenakademi.net\/index.php\/2020-2021-8-sinif-7-deneme-etkilesimli-icerik\/","title":{"rendered":"8.S\u0131n\u0131f 44.Deneme (2020-2021-7) &#8211; Etkile\u015fimli \u0130\u00e7erik"},"content":{"rendered":"\n<p><code><div class=\"h5p-iframe-wrapper\"><iframe id=\"h5p-iframe-66\" class=\"h5p-iframe\" data-content-id=\"66\" style=\"height:1px\" src=\"about:blank\" frameBorder=\"0\" scrolling=\"no\" title=\"(2020-2021) 8.S\u0131n\u0131f 07.Deneme - 44\"><\/iframe><\/div><\/code><\/p>\n\n\n\n<figure class=\"wp-block-image size-large\"><img loading=\"lazy\" decoding=\"async\" width=\"1024\" height=\"230\" src=\"https:\/\/ultrafenakademi.net\/wp-content\/uploads\/2021\/02\/telefonyan3-1024x230.jpg\" alt=\"\" class=\"wp-image-24\" srcset=\"https:\/\/ultrafenakademi.net\/wp-content\/uploads\/2021\/02\/telefonyan3-1024x230.jpg 1024w, https:\/\/ultrafenakademi.net\/wp-content\/uploads\/2021\/02\/telefonyan3-300x67.jpg 300w, https:\/\/ultrafenakademi.net\/wp-content\/uploads\/2021\/02\/telefonyan3-768x172.jpg 768w, https:\/\/ultrafenakademi.net\/wp-content\/uploads\/2021\/02\/telefonyan3.jpg 1167w\" sizes=\"auto, (max-width: 1024px) 100vw, 1024px\" \/><\/figure>\n\n\n\n<div class=\"wp-block-image\"><figure class=\"aligncenter size-large\"><img decoding=\"async\" src=\"https:\/\/fenkampus.net\/resim\/cozum2.jpg\" alt=\"\"\/><\/figure><\/div>\n\n\n\n<div class=\"wp-block-columns is-layout-flex wp-container-core-columns-is-layout-9d6595d7 wp-block-columns-is-layout-flex\">\n<div class=\"wp-block-column is-layout-flow wp-block-column-is-layout-flow\">\n<h2 class=\"has-text-align-center has-vivid-red-color has-text-color has-x-large-font-size wp-block-heading\" style=\"font-style:italic;font-weight:800\"><a rel=\"noreferrer noopener\" href=\"https:\/\/www.youtube.com\/watch?v=76WMVLbFrgI&amp;t=19s\" target=\"_blank\">1.Soru <br><\/a><a rel=\"noreferrer noopener\" href=\"https:\/\/www.youtube.com\/watch?v=76WMVLbFrgI&amp;t=110s\" target=\"_blank\">2.Soru <br><\/a><a rel=\"noreferrer noopener\" href=\"https:\/\/www.youtube.com\/watch?v=76WMVLbFrgI&amp;t=246s\" target=\"_blank\">3.Soru <br><\/a><a rel=\"noreferrer noopener\" href=\"https:\/\/www.youtube.com\/watch?v=76WMVLbFrgI&amp;t=442s\" target=\"_blank\">4.Soru <br><\/a><a rel=\"noreferrer noopener\" href=\"https:\/\/www.youtube.com\/watch?v=76WMVLbFrgI&amp;t=483s\" target=\"_blank\">5.Soru <br><\/a><a rel=\"noreferrer noopener\" href=\"https:\/\/www.youtube.com\/watch?v=76WMVLbFrgI&amp;t=547s\" target=\"_blank\">6.Soru <br><\/a><a rel=\"noreferrer noopener\" href=\"https:\/\/www.youtube.com\/watch?v=76WMVLbFrgI&amp;t=615s\" target=\"_blank\">7.Soru <br><\/a><a rel=\"noreferrer noopener\" href=\"https:\/\/www.youtube.com\/watch?v=76WMVLbFrgI&amp;t=667s\" target=\"_blank\">8.Soru <br><\/a><a rel=\"noreferrer noopener\" href=\"https:\/\/www.youtube.com\/watch?v=76WMVLbFrgI&amp;t=777s\" target=\"_blank\">9.Soru <br><\/a><a rel=\"noreferrer noopener\" href=\"https:\/\/www.youtube.com\/watch?v=76WMVLbFrgI&amp;t=862s\" target=\"_blank\">10.Soru <br><\/a><\/h2>\n<\/div>\n\n\n\n<div class=\"wp-block-column is-layout-flow wp-block-column-is-layout-flow\">\n<h2 class=\"has-text-align-center has-vivid-red-color has-text-color has-x-large-font-size wp-block-heading\" style=\"font-style:italic;font-weight:800\"><a rel=\"noreferrer noopener\" href=\"https:\/\/www.youtube.com\/watch?v=76WMVLbFrgI&amp;t=956s\" target=\"_blank\">11.Soru<br><\/a><a rel=\"noreferrer noopener\" href=\"https:\/\/www.youtube.com\/watch?v=76WMVLbFrgI&amp;t=1034s\" target=\"_blank\">12.Soru<br><\/a><a rel=\"noreferrer noopener\" href=\"https:\/\/www.youtube.com\/watch?v=76WMVLbFrgI&amp;t=1107s\" target=\"_blank\">13.Soru<br><\/a><a rel=\"noreferrer noopener\" href=\"https:\/\/www.youtube.com\/watch?v=76WMVLbFrgI&amp;t=1213s\" target=\"_blank\">14.Soru<br><\/a><a rel=\"noreferrer noopener\" href=\"https:\/\/www.youtube.com\/watch?v=76WMVLbFrgI&amp;t=1310s\" target=\"_blank\">15.Soru<br><\/a><a rel=\"noreferrer noopener\" href=\"https:\/\/www.youtube.com\/watch?v=76WMVLbFrgI&amp;t=1430s\" target=\"_blank\">16.Soru<br><\/a><a rel=\"noreferrer noopener\" href=\"https:\/\/www.youtube.com\/watch?v=76WMVLbFrgI&amp;t=1544s\" target=\"_blank\">17.Soru<br><\/a><a rel=\"noreferrer noopener\" href=\"https:\/\/www.youtube.com\/watch?v=76WMVLbFrgI&amp;t=1604s\" target=\"_blank\">18.Soru<br><\/a><a rel=\"noreferrer noopener\" href=\"https:\/\/www.youtube.com\/watch?v=76WMVLbFrgI&amp;t=1698s\" target=\"_blank\">19.Soru<br><\/a><a rel=\"noreferrer noopener\" href=\"https:\/\/www.youtube.com\/watch?v=76WMVLbFrgI&amp;t=1790s\" target=\"_blank\">20.Soru<\/a><\/h2>\n<\/div>\n<\/div>\n","protected":false},"excerpt":{"rendered":"<p>1.Soru 2.Soru 3.Soru 4.Soru 5.Soru 6.Soru 7.Soru 8.Soru 9.Soru 10.Soru 11.Soru12.Soru13.Soru14.Soru15.Soru16.Soru17.Soru18.Soru19.Soru20.Soru<\/p>\n","protected":false},"author":1,"featured_media":0,"parent":0,"menu_order":0,"comment_status":"closed","ping_status":"closed","template":"","meta":{"footnotes":""},"class_list":["post-92","page","type-page","status-publish",""],"_links":{"self":[{"href":"https:\/\/ultrafenakademi.net\/index.php\/wp-json\/wp\/v2\/pages\/92","targetHints":{"allow":["GET"]}}],"collection":[{"href":"https:\/\/ultrafenakademi.net\/index.php\/wp-json\/wp\/v2\/pages"}],"about":[{"href":"https:\/\/ultrafenakademi.net\/index.php\/wp-json\/wp\/v2\/types\/page"}],"author":[{"embeddable":true,"href":"https:\/\/ultrafenakademi.net\/index.php\/wp-json\/wp\/v2\/users\/1"}],"replies":[{"embeddable":true,"href":"https:\/\/ultrafenakademi.net\/index.php\/wp-json\/wp\/v2\/comments?post=92"}],"version-history":[{"count":4,"href":"https:\/\/ultrafenakademi.net\/index.php\/wp-json\/wp\/v2\/pages\/92\/revisions"}],"predecessor-version":[{"id":629,"href":"https:\/\/ultrafenakademi.net\/index.php\/wp-json\/wp\/v2\/pages\/92\/revisions\/629"}],"wp:attachment":[{"href":"https:\/\/ultrafenakademi.net\/index.php\/wp-json\/wp\/v2\/media?parent=92"}],"curies":[{"name":"wp","href":"https:\/\/api.w.org\/{rel}","templated":true}]}}