{"id":887,"date":"2022-12-25T17:49:30","date_gmt":"2022-12-25T14:49:30","guid":{"rendered":"https:\/\/ultrafenakademi.net\/?page_id=887"},"modified":"2022-12-28T16:29:10","modified_gmt":"2022-12-28T13:29:10","slug":"2022-2023-6-sinif-24-deneme-etkilesimli-tahta-uygulamasi","status":"publish","type":"page","link":"https:\/\/ultrafenakademi.net\/index.php\/2022-2023-6-sinif-24-deneme-etkilesimli-tahta-uygulamasi\/","title":{"rendered":"(2022-2023) 6.S\u0131n\u0131f 24.Deneme &#8211; Etkile\u015fimli tahta uygulamas\u0131"},"content":{"rendered":"\n<div class=\"h5p-iframe-wrapper\"><iframe id=\"h5p-iframe-189\" class=\"h5p-iframe\" data-content-id=\"189\" style=\"height:1px\" src=\"about:blank\" frameBorder=\"0\" scrolling=\"no\" title=\"(2022-2023) 6.S\u0131n\u0131f 24.Deneme - Cevapl\u0131\"><\/iframe><\/div>\n\n\n\n<figure class=\"wp-block-image size-large\"><img loading=\"lazy\" decoding=\"async\" width=\"1024\" height=\"230\" src=\"https:\/\/ultrafenakademi.net\/wp-content\/uploads\/2021\/02\/telefonyan3-1024x230.jpg\" alt=\"\" class=\"wp-image-24\" srcset=\"https:\/\/ultrafenakademi.net\/wp-content\/uploads\/2021\/02\/telefonyan3-1024x230.jpg 1024w, https:\/\/ultrafenakademi.net\/wp-content\/uploads\/2021\/02\/telefonyan3-300x67.jpg 300w, https:\/\/ultrafenakademi.net\/wp-content\/uploads\/2021\/02\/telefonyan3-768x172.jpg 768w, https:\/\/ultrafenakademi.net\/wp-content\/uploads\/2021\/02\/telefonyan3.jpg 1167w\" sizes=\"auto, (max-width: 1024px) 100vw, 1024px\" \/><\/figure>\n\n\n\n<div class=\"wp-block-image\"><figure class=\"aligncenter size-large\"><img decoding=\"async\" src=\"https:\/\/fenkampus.net\/resim\/cozum2.jpg\" alt=\"\"\/><\/figure><\/div>\n\n\n\n<h2 class=\"has-text-align-center wp-block-heading\" style=\"font-style:italic;font-weight:800\"><a href=\"https:\/\/www.youtube.com\/watch?v=Cx8E3zwqdog&amp;list=PL_ac9x5_yx-U_yclSwnvaPWLET1N8BB81&amp;index=1&amp;t=14s\">1.Soru<\/a><\/h2>\n\n\n\n<h2 class=\"has-text-align-center wp-block-heading\" style=\"font-style:italic;font-weight:800\"><a href=\"https:\/\/www.youtube.com\/watch?v=Cx8E3zwqdog&amp;list=PL_ac9x5_yx-U_yclSwnvaPWLET1N8BB81&amp;index=1&amp;t=175s\">2.Soru<\/a><\/h2>\n\n\n\n<h2 class=\"has-text-align-center wp-block-heading\" style=\"font-style:italic;font-weight:800\"><a href=\"https:\/\/www.youtube.com\/watch?v=Cx8E3zwqdog&amp;list=PL_ac9x5_yx-U_yclSwnvaPWLET1N8BB81&amp;index=1&amp;t=276s\">3.Soru<\/a><\/h2>\n\n\n\n<h2 class=\"has-text-align-center wp-block-heading\" style=\"font-style:italic;font-weight:800\"><a href=\"https:\/\/www.youtube.com\/watch?v=Cx8E3zwqdog&amp;list=PL_ac9x5_yx-U_yclSwnvaPWLET1N8BB81&amp;index=1&amp;t=397s\">4.Soru<\/a><\/h2>\n\n\n\n<h2 class=\"has-text-align-center wp-block-heading\" style=\"font-style:italic;font-weight:800\"><a href=\"https:\/\/www.youtube.com\/watch?v=Cx8E3zwqdog&amp;list=PL_ac9x5_yx-U_yclSwnvaPWLET1N8BB81&amp;index=1&amp;t=459s\">5.Soru<\/a><\/h2>\n\n\n\n<h2 class=\"has-text-align-center wp-block-heading\" style=\"font-style:italic;font-weight:800\"><a href=\"https:\/\/www.youtube.com\/watch?v=Cx8E3zwqdog&amp;list=PL_ac9x5_yx-U_yclSwnvaPWLET1N8BB81&amp;index=1&amp;t=535s\">6.Soru<\/a><\/h2>\n\n\n\n<h2 class=\"has-text-align-center wp-block-heading\" style=\"font-style:italic;font-weight:800\"><a href=\"https:\/\/www.youtube.com\/watch?v=Cx8E3zwqdog&amp;list=PL_ac9x5_yx-U_yclSwnvaPWLET1N8BB81&amp;index=1&amp;t=600s\">7.Soru<\/a><\/h2>\n\n\n\n<h2 class=\"has-text-align-center wp-block-heading\" style=\"font-style:italic;font-weight:800\"><a href=\"https:\/\/www.youtube.com\/watch?v=Cx8E3zwqdog&amp;list=PL_ac9x5_yx-U_yclSwnvaPWLET1N8BB81&amp;index=1&amp;t=656s\">8.Soru<\/a><\/h2>\n\n\n\n<h2 class=\"has-text-align-center wp-block-heading\" style=\"font-style:italic;font-weight:800\"><a href=\"https:\/\/www.youtube.com\/watch?v=Cx8E3zwqdog&amp;list=PL_ac9x5_yx-U_yclSwnvaPWLET1N8BB81&amp;index=1&amp;t=740s\">9.Soru<\/a><\/h2>\n\n\n\n<h2 class=\"has-text-align-center wp-block-heading\" style=\"font-style:italic;font-weight:800\"><a href=\"https:\/\/www.youtube.com\/watch?v=Cx8E3zwqdog&amp;list=PL_ac9x5_yx-U_yclSwnvaPWLET1N8BB81&amp;index=1&amp;t=821s\">10.Soru<\/a><\/h2>\n\n\n\n<h2 class=\"has-text-align-center wp-block-heading\" style=\"font-style:italic;font-weight:800\"><a href=\"https:\/\/www.youtube.com\/watch?v=Cx8E3zwqdog&amp;list=PL_ac9x5_yx-U_yclSwnvaPWLET1N8BB81&amp;index=1&amp;t=973s\">11.Soru<\/a><\/h2>\n\n\n\n<h2 class=\"has-text-align-center wp-block-heading\" style=\"font-style:italic;font-weight:800\"><a href=\"https:\/\/www.youtube.com\/watch?v=Cx8E3zwqdog&amp;list=PL_ac9x5_yx-U_yclSwnvaPWLET1N8BB81&amp;index=1&amp;t=1104s\">12.Soru<\/a><\/h2>\n\n\n\n<h2 class=\"has-text-align-center wp-block-heading\" style=\"font-style:italic;font-weight:800\"><a href=\"https:\/\/www.youtube.com\/watch?v=Cx8E3zwqdog&amp;list=PL_ac9x5_yx-U_yclSwnvaPWLET1N8BB81&amp;index=1&amp;t=1147s\">13.Soru<\/a><\/h2>\n\n\n\n<h2 class=\"has-text-align-center wp-block-heading\" style=\"font-style:italic;font-weight:800\"><a href=\"https:\/\/www.youtube.com\/watch?v=Cx8E3zwqdog&amp;list=PL_ac9x5_yx-U_yclSwnvaPWLET1N8BB81&amp;index=1&amp;t=1234s\">14.Soru<\/a><\/h2>\n\n\n\n<h2 class=\"has-text-align-center wp-block-heading\" style=\"font-style:italic;font-weight:800\"><a href=\"https:\/\/www.youtube.com\/watch?v=Cx8E3zwqdog&amp;list=PL_ac9x5_yx-U_yclSwnvaPWLET1N8BB81&amp;index=1&amp;t=1262s\">15.Soru<\/a><\/h2>\n\n\n\n<h2 class=\"has-text-align-center wp-block-heading\" style=\"font-style:italic;font-weight:800\"><a href=\"https:\/\/www.youtube.com\/watch?v=Cx8E3zwqdog&amp;list=PL_ac9x5_yx-U_yclSwnvaPWLET1N8BB81&amp;index=1&amp;t=1378s\">16.Soru<\/a><\/h2>\n\n\n\n<h2 class=\"has-text-align-center wp-block-heading\" style=\"font-style:italic;font-weight:800\"><a href=\"https:\/\/www.youtube.com\/watch?v=Cx8E3zwqdog&amp;list=PL_ac9x5_yx-U_yclSwnvaPWLET1N8BB81&amp;index=1&amp;t=1438s\">17.Soru<\/a><\/h2>\n\n\n\n<h2 class=\"has-text-align-center wp-block-heading\" style=\"font-style:italic;font-weight:800\"><a href=\"https:\/\/www.youtube.com\/watch?v=Cx8E3zwqdog&amp;list=PL_ac9x5_yx-U_yclSwnvaPWLET1N8BB81&amp;index=1&amp;t=1493s\">18.Soru<\/a><\/h2>\n\n\n\n<h2 class=\"has-text-align-center wp-block-heading\" style=\"font-style:italic;font-weight:800\"><a href=\"https:\/\/www.youtube.com\/watch?v=Cx8E3zwqdog&amp;list=PL_ac9x5_yx-U_yclSwnvaPWLET1N8BB81&amp;index=1&amp;t=1554s\">19.Soru<\/a><\/h2>\n\n\n\n<h2 class=\"has-text-align-center wp-block-heading\" style=\"font-style:italic;font-weight:800\"><a href=\"https:\/\/www.youtube.com\/watch?v=Cx8E3zwqdog&amp;list=PL_ac9x5_yx-U_yclSwnvaPWLET1N8BB81&amp;index=1&amp;t=1607s\">20.Soru<\/a><\/h2>\n\n\n\n<p><\/p>\n\n\n\n<p><\/p>\n","protected":false},"excerpt":{"rendered":"<p>1.Soru 2.Soru 3.Soru 4.Soru 5.Soru 6.Soru 7.Soru 8.Soru 9.Soru 10.Soru 11.Soru 12.Soru 13.Soru 14.Soru 15.Soru 16.Soru 17.Soru 18.Soru 19.Soru 20.Soru<\/p>\n","protected":false},"author":1,"featured_media":0,"parent":0,"menu_order":0,"comment_status":"open","ping_status":"closed","template":"","meta":{"footnotes":""},"class_list":["post-887","page","type-page","status-publish",""],"_links":{"self":[{"href":"https:\/\/ultrafenakademi.net\/index.php\/wp-json\/wp\/v2\/pages\/887","targetHints":{"allow":["GET"]}}],"collection":[{"href":"https:\/\/ultrafenakademi.net\/index.php\/wp-json\/wp\/v2\/pages"}],"about":[{"href":"https:\/\/ultrafenakademi.net\/index.php\/wp-json\/wp\/v2\/types\/page"}],"author":[{"embeddable":true,"href":"https:\/\/ultrafenakademi.net\/index.php\/wp-json\/wp\/v2\/users\/1"}],"replies":[{"embeddable":true,"href":"https:\/\/ultrafenakademi.net\/index.php\/wp-json\/wp\/v2\/comments?post=887"}],"version-history":[{"count":4,"href":"https:\/\/ultrafenakademi.net\/index.php\/wp-json\/wp\/v2\/pages\/887\/revisions"}],"predecessor-version":[{"id":893,"href":"https:\/\/ultrafenakademi.net\/index.php\/wp-json\/wp\/v2\/pages\/887\/revisions\/893"}],"wp:attachment":[{"href":"https:\/\/ultrafenakademi.net\/index.php\/wp-json\/wp\/v2\/media?parent=887"}],"curies":[{"name":"wp","href":"https:\/\/api.w.org\/{rel}","templated":true}]}}