{"id":78,"date":"2021-03-07T14:52:41","date_gmt":"2021-03-07T11:52:41","guid":{"rendered":"https:\/\/ultrafenakademi.net\/?page_id=78"},"modified":"2022-05-20T12:36:06","modified_gmt":"2022-05-20T09:36:06","slug":"2020-2021-8-sinif-6-deneme-etkilesimli-icerik","status":"publish","type":"page","link":"https:\/\/ultrafenakademi.net\/index.php\/2020-2021-8-sinif-6-deneme-etkilesimli-icerik\/","title":{"rendered":"8.S\u0131n\u0131f 43.Deneme (2020-2021-6) &#8211; Etkile\u015fimli \u0130\u00e7erik"},"content":{"rendered":"\n<p><code><div class=\"h5p-iframe-wrapper\"><iframe id=\"h5p-iframe-64\" class=\"h5p-iframe\" data-content-id=\"64\" style=\"height:1px\" src=\"about:blank\" frameBorder=\"0\" scrolling=\"no\" title=\"(2020-2021) 8.S\u0131n\u0131f 06.Deneme - 43\"><\/iframe><\/div><\/code><\/p>\n\n\n\n<figure class=\"wp-block-image size-large\"><img loading=\"lazy\" decoding=\"async\" width=\"1024\" height=\"230\" src=\"https:\/\/ultrafenakademi.net\/wp-content\/uploads\/2021\/02\/telefonyan3-1024x230.jpg\" alt=\"\" class=\"wp-image-24\" srcset=\"https:\/\/ultrafenakademi.net\/wp-content\/uploads\/2021\/02\/telefonyan3-1024x230.jpg 1024w, https:\/\/ultrafenakademi.net\/wp-content\/uploads\/2021\/02\/telefonyan3-300x67.jpg 300w, https:\/\/ultrafenakademi.net\/wp-content\/uploads\/2021\/02\/telefonyan3-768x172.jpg 768w, https:\/\/ultrafenakademi.net\/wp-content\/uploads\/2021\/02\/telefonyan3.jpg 1167w\" sizes=\"auto, (max-width: 1024px) 100vw, 1024px\" \/><\/figure>\n\n\n\n<div class=\"wp-block-image\"><figure class=\"aligncenter size-large\"><img decoding=\"async\" src=\"https:\/\/fenkampus.net\/resim\/cozum2.jpg\" alt=\"\"\/><\/figure><\/div>\n\n\n\n<div class=\"wp-block-columns is-layout-flex wp-container-core-columns-is-layout-9d6595d7 wp-block-columns-is-layout-flex\">\n<div class=\"wp-block-column is-layout-flow wp-block-column-is-layout-flow\">\n<h2 class=\"has-text-align-center has-vivid-red-color has-text-color has-x-large-font-size wp-block-heading\" style=\"font-style:italic;font-weight:800\"><strong><a href=\"https:\/\/www.youtube.com\/watch?v=zvsthlvqO9A&amp;t=19s\" target=\"_blank\" rel=\"noreferrer noopener\">1.Soru <br><\/a><a href=\"https:\/\/www.youtube.com\/watch?v=zvsthlvqO9A&amp;t=228s\" target=\"_blank\" rel=\"noreferrer noopener\">2.Soru <br><\/a><a href=\"https:\/\/www.youtube.com\/watch?v=zvsthlvqO9A&amp;t=325s\" target=\"_blank\" rel=\"noreferrer noopener\">3.Soru <br><\/a><a href=\"https:\/\/www.youtube.com\/watch?v=zvsthlvqO9A&amp;t=477s\" target=\"_blank\" rel=\"noreferrer noopener\">4.Soru <br><\/a><a href=\"https:\/\/www.youtube.com\/watch?v=zvsthlvqO9A&amp;t=593s\" target=\"_blank\" rel=\"noreferrer noopener\">5.Soru <br><\/a><a href=\"https:\/\/www.youtube.com\/watch?v=zvsthlvqO9A&amp;t=722s\" target=\"_blank\" rel=\"noreferrer noopener\">6.Soru <br><\/a><a href=\"https:\/\/www.youtube.com\/watch?v=zvsthlvqO9A&amp;t=865s\" target=\"_blank\" rel=\"noreferrer noopener\">7.Soru <br><\/a><a href=\"https:\/\/www.youtube.com\/watch?v=zvsthlvqO9A&amp;t=963s\" target=\"_blank\" rel=\"noreferrer noopener\">8.Soru <br><\/a><a href=\"https:\/\/www.youtube.com\/watch?v=zvsthlvqO9A&amp;t=1079s\" target=\"_blank\" rel=\"noreferrer noopener\">9.Soru <br><\/a><\/strong><a href=\"https:\/\/www.youtube.com\/watch?v=zvsthlvqO9A&amp;t=1214s\" target=\"_blank\" rel=\"noreferrer noopener\"><strong>10.Soru <\/strong><br><\/a><\/h2>\n<\/div>\n\n\n\n<div class=\"wp-block-column is-layout-flow wp-block-column-is-layout-flow\">\n<h2 class=\"has-text-align-center has-vivid-red-color has-text-color has-x-large-font-size wp-block-heading\" style=\"font-style:italic;font-weight:800\"><strong><a href=\"https:\/\/www.youtube.com\/watch?v=zvsthlvqO9A&amp;t=1309s\" target=\"_blank\" rel=\"noreferrer noopener\">11.Soru<br><\/a><a href=\"https:\/\/www.youtube.com\/watch?v=zvsthlvqO9A&amp;t=1370s\" target=\"_blank\" rel=\"noreferrer noopener\">12.Soru <br><\/a><a href=\"https:\/\/www.youtube.com\/watch?v=zvsthlvqO9A&amp;t=1427s\" target=\"_blank\" rel=\"noreferrer noopener\">13.Soru <br><\/a><a href=\"https:\/\/www.youtube.com\/watch?v=zvsthlvqO9A&amp;t=1554s\" target=\"_blank\" rel=\"noreferrer noopener\">14.Soru <br><\/a><a href=\"https:\/\/www.youtube.com\/watch?v=zvsthlvqO9A&amp;t=1677s\" target=\"_blank\" rel=\"noreferrer noopener\">15.Soru <br><\/a><a href=\"https:\/\/www.youtube.com\/watch?v=zvsthlvqO9A&amp;t=1773s\" target=\"_blank\" rel=\"noreferrer noopener\">16.Soru <br><\/a><a href=\"https:\/\/www.youtube.com\/watch?v=zvsthlvqO9A&amp;t=1851s\" target=\"_blank\" rel=\"noreferrer noopener\">17.Soru <br><\/a><a href=\"https:\/\/www.youtube.com\/watch?v=zvsthlvqO9A&amp;t=2032s\" target=\"_blank\" rel=\"noreferrer noopener\">18.Soru <br><\/a><a href=\"https:\/\/www.youtube.com\/watch?v=zvsthlvqO9A&amp;t=2169s\" target=\"_blank\" rel=\"noreferrer noopener\">19.Soru <br><\/a><a href=\"https:\/\/www.youtube.com\/watch?v=zvsthlvqO9A&amp;t=2259s\" target=\"_blank\" rel=\"noreferrer noopener\">20.Soru<\/a><\/strong><\/h2>\n<\/div>\n<\/div>\n","protected":false},"excerpt":{"rendered":"<p>1.Soru 2.Soru 3.Soru 4.Soru 5.Soru 6.Soru 7.Soru 8.Soru 9.Soru 10.Soru 11.Soru12.Soru 13.Soru 14.Soru 15.Soru 16.Soru 17.Soru 18.Soru 19.Soru 20.Soru<\/p>\n","protected":false},"author":1,"featured_media":0,"parent":0,"menu_order":0,"comment_status":"open","ping_status":"closed","template":"","meta":{"footnotes":""},"class_list":["post-78","page","type-page","status-publish",""],"_links":{"self":[{"href":"https:\/\/ultrafenakademi.net\/index.php\/wp-json\/wp\/v2\/pages\/78","targetHints":{"allow":["GET"]}}],"collection":[{"href":"https:\/\/ultrafenakademi.net\/index.php\/wp-json\/wp\/v2\/pages"}],"about":[{"href":"https:\/\/ultrafenakademi.net\/index.php\/wp-json\/wp\/v2\/types\/page"}],"author":[{"embeddable":true,"href":"https:\/\/ultrafenakademi.net\/index.php\/wp-json\/wp\/v2\/users\/1"}],"replies":[{"embeddable":true,"href":"https:\/\/ultrafenakademi.net\/index.php\/wp-json\/wp\/v2\/comments?post=78"}],"version-history":[{"count":4,"href":"https:\/\/ultrafenakademi.net\/index.php\/wp-json\/wp\/v2\/pages\/78\/revisions"}],"predecessor-version":[{"id":627,"href":"https:\/\/ultrafenakademi.net\/index.php\/wp-json\/wp\/v2\/pages\/78\/revisions\/627"}],"wp:attachment":[{"href":"https:\/\/ultrafenakademi.net\/index.php\/wp-json\/wp\/v2\/media?parent=78"}],"curies":[{"name":"wp","href":"https:\/\/api.w.org\/{rel}","templated":true}]}}