{"id":57,"date":"2021-02-22T21:06:39","date_gmt":"2021-02-22T18:06:39","guid":{"rendered":"https:\/\/ultrafenakademi.net\/?page_id=57"},"modified":"2022-05-22T12:20:24","modified_gmt":"2022-05-22T09:20:24","slug":"2020-2021-7-sinif-2-deneme-etkilesimli-tahta-uygulamasi","status":"publish","type":"page","link":"https:\/\/ultrafenakademi.net\/index.php\/2020-2021-7-sinif-2-deneme-etkilesimli-tahta-uygulamasi\/","title":{"rendered":"(2020-2021) 7.S\u0131n\u0131f 2.Deneme &#8211; Etkile\u015fimli tahta uygulamas\u0131"},"content":{"rendered":"\n<p><code><div class=\"h5p-iframe-wrapper\"><iframe id=\"h5p-iframe-17\" class=\"h5p-iframe\" data-content-id=\"17\" style=\"height:1px\" src=\"about:blank\" frameBorder=\"0\" scrolling=\"no\" title=\"(2020-2021) 7.S\u0131n\u0131f 2.Deneme\"><\/iframe><\/div><\/code><\/p>\n\n\n\n<figure class=\"wp-block-image size-large\"><img loading=\"lazy\" decoding=\"async\" width=\"1024\" height=\"230\" src=\"https:\/\/ultrafenakademi.net\/wp-content\/uploads\/2021\/02\/telefonyan3-1024x230.jpg\" alt=\"\" class=\"wp-image-24\" srcset=\"https:\/\/ultrafenakademi.net\/wp-content\/uploads\/2021\/02\/telefonyan3-1024x230.jpg 1024w, https:\/\/ultrafenakademi.net\/wp-content\/uploads\/2021\/02\/telefonyan3-300x67.jpg 300w, https:\/\/ultrafenakademi.net\/wp-content\/uploads\/2021\/02\/telefonyan3-768x172.jpg 768w, https:\/\/ultrafenakademi.net\/wp-content\/uploads\/2021\/02\/telefonyan3.jpg 1167w\" sizes=\"auto, (max-width: 1024px) 100vw, 1024px\" \/><\/figure>\n\n\n\n<div class=\"wp-block-image\"><figure class=\"aligncenter size-large\"><img decoding=\"async\" src=\"https:\/\/fenkampus.net\/resim\/cozum2.jpg\" alt=\"\"\/><\/figure><\/div>\n\n\n\n<div class=\"wp-block-columns is-layout-flex wp-container-core-columns-is-layout-9d6595d7 wp-block-columns-is-layout-flex\">\n<div class=\"wp-block-column is-layout-flow wp-block-column-is-layout-flow\">\n<h2 class=\"has-text-align-center has-vivid-red-color has-text-color has-x-large-font-size wp-block-heading\" style=\"font-style:italic;font-weight:800\"><a href=\"https:\/\/www.youtube.com\/watch?v=GYSH5EzvYT0&amp;list=PL_ac9x5_yx-UKu9bvbiRH5NripzEBzldO&amp;index=2&amp;t=20s\" target=\"_blank\" rel=\"noreferrer noopener\">1.Soru <br><\/a><a href=\"https:\/\/www.youtube.com\/watch?v=GYSH5EzvYT0&amp;list=PL_ac9x5_yx-UKu9bvbiRH5NripzEBzldO&amp;index=2&amp;t=90s\" target=\"_blank\" rel=\"noreferrer noopener\">2.Soru <br><\/a><a href=\"https:\/\/www.youtube.com\/watch?v=GYSH5EzvYT0&amp;list=PL_ac9x5_yx-UKu9bvbiRH5NripzEBzldO&amp;index=2&amp;t=182s\" target=\"_blank\" rel=\"noreferrer noopener\">3.Soru <br><\/a><a href=\"https:\/\/www.youtube.com\/watch?v=GYSH5EzvYT0&amp;list=PL_ac9x5_yx-UKu9bvbiRH5NripzEBzldO&amp;index=2&amp;t=210s\" target=\"_blank\" rel=\"noreferrer noopener\">4.Soru <br><\/a><a href=\"https:\/\/www.youtube.com\/watch?v=GYSH5EzvYT0&amp;list=PL_ac9x5_yx-UKu9bvbiRH5NripzEBzldO&amp;index=2&amp;t=304s\" target=\"_blank\" rel=\"noreferrer noopener\">5.Soru <br><\/a><a href=\"https:\/\/www.youtube.com\/watch?v=GYSH5EzvYT0&amp;list=PL_ac9x5_yx-UKu9bvbiRH5NripzEBzldO&amp;index=2&amp;t=353s\" target=\"_blank\" rel=\"noreferrer noopener\">6.Soru <br><\/a><a href=\"https:\/\/www.youtube.com\/watch?v=GYSH5EzvYT0&amp;list=PL_ac9x5_yx-UKu9bvbiRH5NripzEBzldO&amp;index=2&amp;t=443s\" target=\"_blank\" rel=\"noreferrer noopener\">7.Soru <br><\/a><a href=\"https:\/\/www.youtube.com\/watch?v=GYSH5EzvYT0&amp;list=PL_ac9x5_yx-UKu9bvbiRH5NripzEBzldO&amp;index=2&amp;t=518s\" target=\"_blank\" rel=\"noreferrer noopener\">8.Soru <br><\/a><a href=\"https:\/\/www.youtube.com\/watch?v=GYSH5EzvYT0&amp;list=PL_ac9x5_yx-UKu9bvbiRH5NripzEBzldO&amp;index=2&amp;t=575s\" target=\"_blank\" rel=\"noreferrer noopener\">9.Soru <br><\/a><a href=\"https:\/\/www.youtube.com\/watch?v=GYSH5EzvYT0&amp;list=PL_ac9x5_yx-UKu9bvbiRH5NripzEBzldO&amp;index=2&amp;t=627s\" target=\"_blank\" rel=\"noreferrer noopener\">10.Soru <\/a><\/h2>\n<\/div>\n\n\n\n<div class=\"wp-block-column is-layout-flow wp-block-column-is-layout-flow\">\n<h2 class=\"has-text-align-center has-vivid-red-color has-text-color has-x-large-font-size wp-block-heading\" style=\"font-style:italic;font-weight:800\"><a href=\"https:\/\/www.youtube.com\/watch?v=GYSH5EzvYT0&amp;list=PL_ac9x5_yx-UKu9bvbiRH5NripzEBzldO&amp;index=2&amp;t=710s\" target=\"_blank\" rel=\"noreferrer noopener\">11.Soru <br><\/a><a href=\"https:\/\/www.youtube.com\/watch?v=GYSH5EzvYT0&amp;list=PL_ac9x5_yx-UKu9bvbiRH5NripzEBzldO&amp;index=2&amp;t=819s\" target=\"_blank\" rel=\"noreferrer noopener\">12.Soru <br><\/a><a href=\"https:\/\/www.youtube.com\/watch?v=GYSH5EzvYT0&amp;list=PL_ac9x5_yx-UKu9bvbiRH5NripzEBzldO&amp;index=2&amp;t=900s\" target=\"_blank\" rel=\"noreferrer noopener\">13.Soru <br><\/a><a href=\"https:\/\/www.youtube.com\/watch?v=GYSH5EzvYT0&amp;list=PL_ac9x5_yx-UKu9bvbiRH5NripzEBzldO&amp;index=2&amp;t=992s\" target=\"_blank\" rel=\"noreferrer noopener\">14.Soru <br><\/a><a href=\"https:\/\/www.youtube.com\/watch?v=GYSH5EzvYT0&amp;list=PL_ac9x5_yx-UKu9bvbiRH5NripzEBzldO&amp;index=2&amp;t=1042s\" target=\"_blank\" rel=\"noreferrer noopener\">15.Soru <br><\/a><a href=\"https:\/\/www.youtube.com\/watch?v=GYSH5EzvYT0&amp;list=PL_ac9x5_yx-UKu9bvbiRH5NripzEBzldO&amp;index=2&amp;t=1120s\" target=\"_blank\" rel=\"noreferrer noopener\">16.Soru <br><\/a><a href=\"https:\/\/www.youtube.com\/watch?v=GYSH5EzvYT0&amp;list=PL_ac9x5_yx-UKu9bvbiRH5NripzEBzldO&amp;index=2&amp;t=1181s\" target=\"_blank\" rel=\"noreferrer noopener\">17.Soru <br><\/a><a href=\"https:\/\/www.youtube.com\/watch?v=GYSH5EzvYT0&amp;list=PL_ac9x5_yx-UKu9bvbiRH5NripzEBzldO&amp;index=2&amp;t=1238s\" target=\"_blank\" rel=\"noreferrer noopener\">18.Soru <br><\/a><a href=\"https:\/\/www.youtube.com\/watch?v=GYSH5EzvYT0&amp;list=PL_ac9x5_yx-UKu9bvbiRH5NripzEBzldO&amp;index=2&amp;t=1285s\" target=\"_blank\" rel=\"noreferrer noopener\">19.Soru <br><\/a><a href=\"https:\/\/www.youtube.com\/watch?v=GYSH5EzvYT0&amp;list=PL_ac9x5_yx-UKu9bvbiRH5NripzEBzldO&amp;index=2&amp;t=1332s\" target=\"_blank\" rel=\"noreferrer noopener\">20.Soru<\/a><\/h2>\n<\/div>\n<\/div>\n","protected":false},"excerpt":{"rendered":"<p>1.Soru 2.Soru 3.Soru 4.Soru 5.Soru 6.Soru 7.Soru 8.Soru 9.Soru 10.Soru 11.Soru 12.Soru 13.Soru 14.Soru 15.Soru 16.Soru 17.Soru 18.Soru 19.Soru 20.Soru<\/p>\n","protected":false},"author":1,"featured_media":0,"parent":0,"menu_order":0,"comment_status":"open","ping_status":"closed","template":"","meta":{"footnotes":""},"class_list":["post-57","page","type-page","status-publish",""],"_links":{"self":[{"href":"https:\/\/ultrafenakademi.net\/index.php\/wp-json\/wp\/v2\/pages\/57","targetHints":{"allow":["GET"]}}],"collection":[{"href":"https:\/\/ultrafenakademi.net\/index.php\/wp-json\/wp\/v2\/pages"}],"about":[{"href":"https:\/\/ultrafenakademi.net\/index.php\/wp-json\/wp\/v2\/types\/page"}],"author":[{"embeddable":true,"href":"https:\/\/ultrafenakademi.net\/index.php\/wp-json\/wp\/v2\/users\/1"}],"replies":[{"embeddable":true,"href":"https:\/\/ultrafenakademi.net\/index.php\/wp-json\/wp\/v2\/comments?post=57"}],"version-history":[{"count":3,"href":"https:\/\/ultrafenakademi.net\/index.php\/wp-json\/wp\/v2\/pages\/57\/revisions"}],"predecessor-version":[{"id":659,"href":"https:\/\/ultrafenakademi.net\/index.php\/wp-json\/wp\/v2\/pages\/57\/revisions\/659"}],"wp:attachment":[{"href":"https:\/\/ultrafenakademi.net\/index.php\/wp-json\/wp\/v2\/media?parent=57"}],"curies":[{"name":"wp","href":"https:\/\/api.w.org\/{rel}","templated":true}]}}