{"id":421,"date":"2022-03-06T17:44:26","date_gmt":"2022-03-06T14:44:26","guid":{"rendered":"https:\/\/ultrafenakademi.net\/?page_id=421"},"modified":"2022-05-23T12:12:49","modified_gmt":"2022-05-23T09:12:49","slug":"2021-2022-5-sinif-3-deneme-etkilesimli-tahta-uygulamasi","status":"publish","type":"page","link":"https:\/\/ultrafenakademi.net\/index.php\/2021-2022-5-sinif-3-deneme-etkilesimli-tahta-uygulamasi\/","title":{"rendered":"(2021-2022) 5.S\u0131n\u0131f 3.Deneme &#8211; Etkile\u015fimli tahta uygulamas\u0131"},"content":{"rendered":"<div class=\"h5p-iframe-wrapper\"><iframe id=\"h5p-iframe-144\" class=\"h5p-iframe\" data-content-id=\"144\" style=\"height:1px\" src=\"about:blank\" frameBorder=\"0\" scrolling=\"no\" title=\"(2021-2022) 5.S\u0131n\u0131f 3.Deneme - CEVAPLI\"><\/iframe><\/div>\n\n\n\n<figure class=\"wp-block-image size-large\"><img loading=\"lazy\" decoding=\"async\" width=\"1024\" height=\"230\" src=\"https:\/\/ultrafenakademi.net\/wp-content\/uploads\/2021\/02\/telefonyan3-1024x230.jpg\" alt=\"\" class=\"wp-image-24\" srcset=\"https:\/\/ultrafenakademi.net\/wp-content\/uploads\/2021\/02\/telefonyan3-1024x230.jpg 1024w, https:\/\/ultrafenakademi.net\/wp-content\/uploads\/2021\/02\/telefonyan3-300x67.jpg 300w, https:\/\/ultrafenakademi.net\/wp-content\/uploads\/2021\/02\/telefonyan3-768x172.jpg 768w, https:\/\/ultrafenakademi.net\/wp-content\/uploads\/2021\/02\/telefonyan3.jpg 1167w\" sizes=\"auto, (max-width: 1024px) 100vw, 1024px\" \/><\/figure>\n\n\n\n<div class=\"wp-block-image\"><figure class=\"aligncenter size-large\"><img decoding=\"async\" src=\"https:\/\/fenkampus.net\/resim\/cozum2.jpg\" alt=\"\"\/><\/figure><\/div>\n\n\n\n<h2 class=\"has-text-align-center has-x-large-font-size wp-block-heading\" style=\"font-style:italic;font-weight:800\"><a href=\"https:\/\/www.youtube.com\/watch?v=RFMOegWAEEM&amp;list=PL_ac9x5_yx-WGtu4uC1_O7WXnpt51UsLK&amp;index=1&amp;t=3s\" target=\"_blank\" rel=\"noreferrer noopener\">1.Soru <br><\/a><a href=\"https:\/\/www.youtube.com\/watch?v=RFMOegWAEEM&amp;list=PL_ac9x5_yx-WGtu4uC1_O7WXnpt51UsLK&amp;index=1&amp;t=82s\" target=\"_blank\" rel=\"noreferrer noopener\">2.Soru <br><\/a><a href=\"https:\/\/www.youtube.com\/watch?v=RFMOegWAEEM&amp;list=PL_ac9x5_yx-WGtu4uC1_O7WXnpt51UsLK&amp;index=1&amp;t=118s\" target=\"_blank\" rel=\"noreferrer noopener\">3.Soru <br><\/a><a href=\"https:\/\/www.youtube.com\/watch?v=RFMOegWAEEM&amp;list=PL_ac9x5_yx-WGtu4uC1_O7WXnpt51UsLK&amp;index=1&amp;t=145s\" target=\"_blank\" rel=\"noreferrer noopener\">4.Soru <br><\/a><a href=\"https:\/\/www.youtube.com\/watch?v=RFMOegWAEEM&amp;list=PL_ac9x5_yx-WGtu4uC1_O7WXnpt51UsLK&amp;index=1&amp;t=183s\" target=\"_blank\" rel=\"noreferrer noopener\">5.Soru <br><\/a><a href=\"https:\/\/www.youtube.com\/watch?v=RFMOegWAEEM&amp;list=PL_ac9x5_yx-WGtu4uC1_O7WXnpt51UsLK&amp;index=1&amp;t=237s\" target=\"_blank\" rel=\"noreferrer noopener\">6.Soru <br><\/a><a href=\"https:\/\/www.youtube.com\/watch?v=RFMOegWAEEM&amp;list=PL_ac9x5_yx-WGtu4uC1_O7WXnpt51UsLK&amp;index=1&amp;t=285s\" target=\"_blank\" rel=\"noreferrer noopener\">7.Soru <br><\/a><a href=\"https:\/\/www.youtube.com\/watch?v=RFMOegWAEEM&amp;list=PL_ac9x5_yx-WGtu4uC1_O7WXnpt51UsLK&amp;index=1&amp;t=346s\" target=\"_blank\" rel=\"noreferrer noopener\">8.Soru <br><\/a><a href=\"https:\/\/www.youtube.com\/watch?v=RFMOegWAEEM&amp;list=PL_ac9x5_yx-WGtu4uC1_O7WXnpt51UsLK&amp;index=1&amp;t=425s\" target=\"_blank\" rel=\"noreferrer noopener\">9.Soru <br><\/a><a href=\"https:\/\/www.youtube.com\/watch?v=RFMOegWAEEM&amp;list=PL_ac9x5_yx-WGtu4uC1_O7WXnpt51UsLK&amp;index=1&amp;t=524s\" target=\"_blank\" rel=\"noreferrer noopener\">10.Soru <br><\/a><a href=\"https:\/\/www.youtube.com\/watch?v=RFMOegWAEEM&amp;list=PL_ac9x5_yx-WGtu4uC1_O7WXnpt51UsLK&amp;index=1&amp;t=551s\" target=\"_blank\" rel=\"noreferrer noopener\">11.Soru <br><\/a><a href=\"https:\/\/www.youtube.com\/watch?v=RFMOegWAEEM&amp;list=PL_ac9x5_yx-WGtu4uC1_O7WXnpt51UsLK&amp;index=1&amp;t=579s\" target=\"_blank\" rel=\"noreferrer noopener\">12.Soru <br><\/a><a href=\"https:\/\/www.youtube.com\/watch?v=RFMOegWAEEM&amp;list=PL_ac9x5_yx-WGtu4uC1_O7WXnpt51UsLK&amp;index=1&amp;t=644s\" target=\"_blank\" rel=\"noreferrer noopener\">13.Soru <br><\/a><a href=\"https:\/\/www.youtube.com\/watch?v=RFMOegWAEEM&amp;list=PL_ac9x5_yx-WGtu4uC1_O7WXnpt51UsLK&amp;index=1&amp;t=698s\" target=\"_blank\" rel=\"noreferrer noopener\">14.Soru <br><\/a><a href=\"https:\/\/www.youtube.com\/watch?v=RFMOegWAEEM&amp;list=PL_ac9x5_yx-WGtu4uC1_O7WXnpt51UsLK&amp;index=1&amp;t=784s\" target=\"_blank\" rel=\"noreferrer noopener\">15.Soru <br><\/a><a href=\"https:\/\/www.youtube.com\/watch?v=RFMOegWAEEM&amp;list=PL_ac9x5_yx-WGtu4uC1_O7WXnpt51UsLK&amp;index=1&amp;t=827s\" target=\"_blank\" rel=\"noreferrer noopener\">16.Soru <br><\/a><a href=\"https:\/\/www.youtube.com\/watch?v=RFMOegWAEEM&amp;list=PL_ac9x5_yx-WGtu4uC1_O7WXnpt51UsLK&amp;index=1&amp;t=874s\" target=\"_blank\" rel=\"noreferrer noopener\">17.Soru <br><\/a><a href=\"https:\/\/www.youtube.com\/watch?v=RFMOegWAEEM&amp;list=PL_ac9x5_yx-WGtu4uC1_O7WXnpt51UsLK&amp;index=1&amp;t=939s\" target=\"_blank\" rel=\"noreferrer noopener\">18.Soru <br><\/a><a href=\"https:\/\/www.youtube.com\/watch?v=RFMOegWAEEM&amp;list=PL_ac9x5_yx-WGtu4uC1_O7WXnpt51UsLK&amp;index=1&amp;t=960s\" target=\"_blank\" rel=\"noreferrer noopener\">19.Soru <br><\/a><a href=\"https:\/\/www.youtube.com\/watch?v=RFMOegWAEEM&amp;list=PL_ac9x5_yx-WGtu4uC1_O7WXnpt51UsLK&amp;index=1&amp;t=1014s\" target=\"_blank\" rel=\"noreferrer noopener\">20.Soru<\/a><\/h2>\n","protected":false},"excerpt":{"rendered":"<p>1.Soru 2.Soru 3.Soru 4.Soru 5.Soru 6.Soru 7.Soru 8.Soru 9.Soru 10.Soru 11.Soru 12.Soru 13.Soru 14.Soru 15.Soru 16.Soru 17.Soru 18.Soru 19.Soru 20.Soru<\/p>\n","protected":false},"author":1,"featured_media":0,"parent":0,"menu_order":0,"comment_status":"open","ping_status":"closed","template":"","meta":{"footnotes":""},"class_list":["post-421","page","type-page","status-publish",""],"_links":{"self":[{"href":"https:\/\/ultrafenakademi.net\/index.php\/wp-json\/wp\/v2\/pages\/421","targetHints":{"allow":["GET"]}}],"collection":[{"href":"https:\/\/ultrafenakademi.net\/index.php\/wp-json\/wp\/v2\/pages"}],"about":[{"href":"https:\/\/ultrafenakademi.net\/index.php\/wp-json\/wp\/v2\/types\/page"}],"author":[{"embeddable":true,"href":"https:\/\/ultrafenakademi.net\/index.php\/wp-json\/wp\/v2\/users\/1"}],"replies":[{"embeddable":true,"href":"https:\/\/ultrafenakademi.net\/index.php\/wp-json\/wp\/v2\/comments?post=421"}],"version-history":[{"count":6,"href":"https:\/\/ultrafenakademi.net\/index.php\/wp-json\/wp\/v2\/pages\/421\/revisions"}],"predecessor-version":[{"id":676,"href":"https:\/\/ultrafenakademi.net\/index.php\/wp-json\/wp\/v2\/pages\/421\/revisions\/676"}],"wp:attachment":[{"href":"https:\/\/ultrafenakademi.net\/index.php\/wp-json\/wp\/v2\/media?parent=421"}],"curies":[{"name":"wp","href":"https:\/\/api.w.org\/{rel}","templated":true}]}}