{"id":38,"date":"2021-02-22T17:03:15","date_gmt":"2021-02-22T14:03:15","guid":{"rendered":"https:\/\/ultrafenakademi.net\/?page_id=38"},"modified":"2022-05-20T10:08:11","modified_gmt":"2022-05-20T07:08:11","slug":"2019-2020-8-sinif-1-deneme-etkilesimli-tahta-uygulamasi","status":"publish","type":"page","link":"https:\/\/ultrafenakademi.net\/index.php\/2019-2020-8-sinif-1-deneme-etkilesimli-tahta-uygulamasi\/","title":{"rendered":"8.S\u0131n\u0131f 27.Deneme (2019-2020-1)- Etkile\u015fimli tahta uygulamas\u0131"},"content":{"rendered":"\n<div class=\"h5p-iframe-wrapper\"><iframe id=\"h5p-iframe-14\" class=\"h5p-iframe\" data-content-id=\"14\" style=\"height:1px\" src=\"about:blank\" frameBorder=\"0\" scrolling=\"no\" title=\"(2019-2020) 8.S\u0131n\u0131f 01.Deneme - 27\"><\/iframe><\/div>\n\n\n\n<p><\/p>\n\n\n\n<figure class=\"wp-block-image size-large\"><img loading=\"lazy\" decoding=\"async\" width=\"1024\" height=\"230\" src=\"https:\/\/ultrafenakademi.net\/wp-content\/uploads\/2021\/02\/telefonyan3-1024x230.jpg\" alt=\"\" class=\"wp-image-24\" srcset=\"https:\/\/ultrafenakademi.net\/wp-content\/uploads\/2021\/02\/telefonyan3-1024x230.jpg 1024w, https:\/\/ultrafenakademi.net\/wp-content\/uploads\/2021\/02\/telefonyan3-300x67.jpg 300w, https:\/\/ultrafenakademi.net\/wp-content\/uploads\/2021\/02\/telefonyan3-768x172.jpg 768w, https:\/\/ultrafenakademi.net\/wp-content\/uploads\/2021\/02\/telefonyan3.jpg 1167w\" sizes=\"auto, (max-width: 1024px) 100vw, 1024px\" \/><\/figure>\n\n\n\n<div class=\"wp-block-image\"><figure class=\"aligncenter size-large\"><img decoding=\"async\" src=\"https:\/\/fenkampus.net\/resim\/cozum2.jpg\" alt=\"\"\/><\/figure><\/div>\n\n\n\n<div class=\"wp-block-columns is-layout-flex wp-container-core-columns-is-layout-9d6595d7 wp-block-columns-is-layout-flex\">\n<div class=\"wp-block-column is-layout-flow wp-block-column-is-layout-flow\">\n<h2 class=\"has-text-align-center has-vivid-red-color has-text-color wp-block-heading\"><a href=\"https:\/\/www.youtube.com\/watch?v=jJ3MvedI8ok&amp;list=PL_ac9x5_yx-UXT1LbXd8trsrK9IOzMGM1&amp;index=8&amp;t=13s\" target=\"_blank\" rel=\"noreferrer noopener\">1.Soru <br><\/a><a href=\"https:\/\/www.youtube.com\/watch?v=jJ3MvedI8ok&amp;list=PL_ac9x5_yx-UXT1LbXd8trsrK9IOzMGM1&amp;index=8&amp;t=100s\" target=\"_blank\" rel=\"noreferrer noopener\">2.Soru <br><\/a><a href=\"https:\/\/www.youtube.com\/watch?v=jJ3MvedI8ok&amp;list=PL_ac9x5_yx-UXT1LbXd8trsrK9IOzMGM1&amp;index=8&amp;t=184s\" target=\"_blank\" rel=\"noreferrer noopener\">3.Soru <br><\/a><a href=\"https:\/\/www.youtube.com\/watch?v=jJ3MvedI8ok&amp;list=PL_ac9x5_yx-UXT1LbXd8trsrK9IOzMGM1&amp;index=8&amp;t=247s\" target=\"_blank\" rel=\"noreferrer noopener\">4.Soru <br><\/a><a href=\"https:\/\/www.youtube.com\/watch?v=jJ3MvedI8ok&amp;list=PL_ac9x5_yx-UXT1LbXd8trsrK9IOzMGM1&amp;index=8&amp;t=342s\" target=\"_blank\" rel=\"noreferrer noopener\">5.Soru <br><\/a><a href=\"https:\/\/www.youtube.com\/watch?v=jJ3MvedI8ok&amp;list=PL_ac9x5_yx-UXT1LbXd8trsrK9IOzMGM1&amp;index=8&amp;t=392s\" target=\"_blank\" rel=\"noreferrer noopener\">6.Soru <br><\/a><a href=\"https:\/\/www.youtube.com\/watch?v=jJ3MvedI8ok&amp;list=PL_ac9x5_yx-UXT1LbXd8trsrK9IOzMGM1&amp;index=8&amp;t=431s\" target=\"_blank\" rel=\"noreferrer noopener\">7.Soru <br><\/a><a href=\"https:\/\/www.youtube.com\/watch?v=jJ3MvedI8ok&amp;list=PL_ac9x5_yx-UXT1LbXd8trsrK9IOzMGM1&amp;index=8&amp;t=553s\" target=\"_blank\" rel=\"noreferrer noopener\">8.Soru <br><\/a><a href=\"https:\/\/www.youtube.com\/watch?v=jJ3MvedI8ok&amp;list=PL_ac9x5_yx-UXT1LbXd8trsrK9IOzMGM1&amp;index=8&amp;t=653s\" target=\"_blank\" rel=\"noreferrer noopener\">9.Soru <br><\/a><a href=\"https:\/\/www.youtube.com\/watch?v=jJ3MvedI8ok&amp;list=PL_ac9x5_yx-UXT1LbXd8trsrK9IOzMGM1&amp;index=8&amp;t=812s\" target=\"_blank\" rel=\"noreferrer noopener\">10.Soru <\/a><\/h2>\n<\/div>\n\n\n\n<div class=\"wp-block-column is-layout-flow wp-block-column-is-layout-flow\">\n<h2 class=\"has-text-align-center has-vivid-red-color has-text-color wp-block-heading\"><a href=\"https:\/\/www.youtube.com\/watch?v=jJ3MvedI8ok&amp;list=PL_ac9x5_yx-UXT1LbXd8trsrK9IOzMGM1&amp;index=8&amp;t=888s\" target=\"_blank\" rel=\"noreferrer noopener\">11.Soru<br><\/a><a href=\"https:\/\/www.youtube.com\/watch?v=jJ3MvedI8ok&amp;list=PL_ac9x5_yx-UXT1LbXd8trsrK9IOzMGM1&amp;index=8&amp;t=1002s\" target=\"_blank\" rel=\"noreferrer noopener\">12.Soru <br><\/a><a href=\"https:\/\/www.youtube.com\/watch?v=jJ3MvedI8ok&amp;list=PL_ac9x5_yx-UXT1LbXd8trsrK9IOzMGM1&amp;index=8&amp;t=1126s\" target=\"_blank\" rel=\"noreferrer noopener\">13.Soru <br><\/a><a href=\"https:\/\/www.youtube.com\/watch?v=jJ3MvedI8ok&amp;list=PL_ac9x5_yx-UXT1LbXd8trsrK9IOzMGM1&amp;index=8&amp;t=1197s\" target=\"_blank\" rel=\"noreferrer noopener\">14.Soru <br><\/a><a href=\"https:\/\/www.youtube.com\/watch?v=jJ3MvedI8ok&amp;list=PL_ac9x5_yx-UXT1LbXd8trsrK9IOzMGM1&amp;index=8&amp;t=1299s\" target=\"_blank\" rel=\"noreferrer noopener\">15.Soru <br><\/a><a href=\"https:\/\/www.youtube.com\/watch?v=jJ3MvedI8ok&amp;list=PL_ac9x5_yx-UXT1LbXd8trsrK9IOzMGM1&amp;index=8&amp;t=1359s\" target=\"_blank\" rel=\"noreferrer noopener\">16.Soru <br><\/a><a href=\"https:\/\/www.youtube.com\/watch?v=jJ3MvedI8ok&amp;list=PL_ac9x5_yx-UXT1LbXd8trsrK9IOzMGM1&amp;index=8&amp;t=1413s\" target=\"_blank\" rel=\"noreferrer noopener\">17.Soru <br><\/a><a href=\"https:\/\/www.youtube.com\/watch?v=jJ3MvedI8ok&amp;list=PL_ac9x5_yx-UXT1LbXd8trsrK9IOzMGM1&amp;index=8&amp;t=1466s\" target=\"_blank\" rel=\"noreferrer noopener\">18.Soru <br><\/a><a href=\"https:\/\/www.youtube.com\/watch?v=jJ3MvedI8ok&amp;list=PL_ac9x5_yx-UXT1LbXd8trsrK9IOzMGM1&amp;index=8&amp;t=1553s\" target=\"_blank\" rel=\"noreferrer noopener\">19.Soru <br><\/a><a href=\"https:\/\/www.youtube.com\/watch?v=jJ3MvedI8ok&amp;list=PL_ac9x5_yx-UXT1LbXd8trsrK9IOzMGM1&amp;index=8&amp;t=1571s\" target=\"_blank\" rel=\"noreferrer noopener\">20.Soru<\/a><\/h2>\n<\/div>\n<\/div>\n","protected":false},"excerpt":{"rendered":"<p>1.Soru 2.Soru 3.Soru 4.Soru 5.Soru 6.Soru 7.Soru 8.Soru 9.Soru 10.Soru 11.Soru12.Soru 13.Soru 14.Soru 15.Soru 16.Soru 17.Soru 18.Soru 19.Soru 20.Soru<\/p>\n","protected":false},"author":1,"featured_media":0,"parent":0,"menu_order":0,"comment_status":"open","ping_status":"closed","template":"","meta":{"footnotes":""},"class_list":["post-38","page","type-page","status-publish",""],"_links":{"self":[{"href":"https:\/\/ultrafenakademi.net\/index.php\/wp-json\/wp\/v2\/pages\/38","targetHints":{"allow":["GET"]}}],"collection":[{"href":"https:\/\/ultrafenakademi.net\/index.php\/wp-json\/wp\/v2\/pages"}],"about":[{"href":"https:\/\/ultrafenakademi.net\/index.php\/wp-json\/wp\/v2\/types\/page"}],"author":[{"embeddable":true,"href":"https:\/\/ultrafenakademi.net\/index.php\/wp-json\/wp\/v2\/users\/1"}],"replies":[{"embeddable":true,"href":"https:\/\/ultrafenakademi.net\/index.php\/wp-json\/wp\/v2\/comments?post=38"}],"version-history":[{"count":5,"href":"https:\/\/ultrafenakademi.net\/index.php\/wp-json\/wp\/v2\/pages\/38\/revisions"}],"predecessor-version":[{"id":609,"href":"https:\/\/ultrafenakademi.net\/index.php\/wp-json\/wp\/v2\/pages\/38\/revisions\/609"}],"wp:attachment":[{"href":"https:\/\/ultrafenakademi.net\/index.php\/wp-json\/wp\/v2\/media?parent=38"}],"curies":[{"name":"wp","href":"https:\/\/api.w.org\/{rel}","templated":true}]}}