{"id":34,"date":"2021-02-22T16:19:32","date_gmt":"2021-02-22T13:19:32","guid":{"rendered":"https:\/\/ultrafenakademi.net\/?page_id=34"},"modified":"2023-10-10T16:26:07","modified_gmt":"2023-10-10T13:26:07","slug":"2019-2020-6-sinif-1-deneme-etkilesimli-tahta-uygulamasi","status":"publish","type":"page","link":"https:\/\/ultrafenakademi.net\/index.php\/2019-2020-6-sinif-1-deneme-etkilesimli-tahta-uygulamasi\/","title":{"rendered":"(2019-2020) 6.S\u0131n\u0131f 1.Deneme &#8211; Etkile\u015fimli tahta uygulamas\u0131"},"content":{"rendered":"<div class=\"wp-block-image\">\n<figure class=\"aligncenter size-large is-resized\"><img loading=\"lazy\" decoding=\"async\" src=\"https:\/\/fenkampus.net\/resim\/bekleyin5.gif\" alt=\"\" style=\"width:450px;height:150px\" width=\"450\" height=\"150\"\/><\/figure>\n<\/div>\n\n\n<div class=\"h5p-iframe-wrapper\"><iframe id=\"h5p-iframe-24\" class=\"h5p-iframe\" data-content-id=\"24\" style=\"height:1px\" src=\"about:blank\" frameBorder=\"0\" scrolling=\"no\" title=\"(2019-2020) 6.S\u0131n\u0131f 1.Deneme\"><\/iframe><\/div>\n\n\n\n<figure class=\"wp-block-image size-large\"><img loading=\"lazy\" decoding=\"async\" width=\"1024\" height=\"230\" src=\"https:\/\/ultrafenakademi.net\/wp-content\/uploads\/2021\/02\/telefonyan3-1024x230.jpg\" alt=\"\" class=\"wp-image-24\" srcset=\"https:\/\/ultrafenakademi.net\/wp-content\/uploads\/2021\/02\/telefonyan3-1024x230.jpg 1024w, https:\/\/ultrafenakademi.net\/wp-content\/uploads\/2021\/02\/telefonyan3-300x67.jpg 300w, https:\/\/ultrafenakademi.net\/wp-content\/uploads\/2021\/02\/telefonyan3-768x172.jpg 768w, https:\/\/ultrafenakademi.net\/wp-content\/uploads\/2021\/02\/telefonyan3.jpg 1167w\" sizes=\"auto, (max-width: 1024px) 100vw, 1024px\" \/><\/figure>\n\n\n\n<div class=\"wp-block-image\"><figure class=\"aligncenter size-large\"><img decoding=\"async\" src=\"https:\/\/fenkampus.net\/resim\/cozum2.jpg\" alt=\"\"\/><\/figure><\/div>\n\n\n\n<h2 class=\"wp-block-heading has-text-align-center\" style=\"font-style:italic;font-weight:800\"><a href=\"https:\/\/www.youtube.com\/watch?v=_WmWBXdqxSA&amp;list=PL_ac9x5_yx-U_yclSwnvaPWLET1N8BB81&amp;index=11&amp;t=28s\">1.Soru<\/a><\/h2>\n\n\n\n<h2 class=\"wp-block-heading has-text-align-center\" style=\"font-style:italic;font-weight:800\"><a href=\"https:\/\/www.youtube.com\/watch?v=_WmWBXdqxSA&amp;list=PL_ac9x5_yx-U_yclSwnvaPWLET1N8BB81&amp;index=11&amp;t=78s\">2.Soru<\/a><\/h2>\n\n\n\n<h2 class=\"wp-block-heading has-text-align-center\" style=\"font-style:italic;font-weight:800\"><a href=\"https:\/\/www.youtube.com\/watch?v=_WmWBXdqxSA&amp;list=PL_ac9x5_yx-U_yclSwnvaPWLET1N8BB81&amp;index=11&amp;t=162s\">3.Soru<\/a><\/h2>\n\n\n\n<h2 class=\"wp-block-heading has-text-align-center\" style=\"font-style:italic;font-weight:800\"><a href=\"https:\/\/www.youtube.com\/watch?v=_WmWBXdqxSA&amp;list=PL_ac9x5_yx-U_yclSwnvaPWLET1N8BB81&amp;index=11&amp;t=198s\">4.Soru<\/a><\/h2>\n\n\n\n<h2 class=\"wp-block-heading has-text-align-center\" style=\"font-style:italic;font-weight:800\"><a href=\"https:\/\/www.youtube.com\/watch?v=_WmWBXdqxSA&amp;list=PL_ac9x5_yx-U_yclSwnvaPWLET1N8BB81&amp;index=11&amp;t=376s\">5.Soru<\/a><\/h2>\n\n\n\n<h2 class=\"wp-block-heading has-text-align-center\" style=\"font-style:italic;font-weight:800\"><a href=\"https:\/\/www.youtube.com\/watch?v=_WmWBXdqxSA&amp;list=PL_ac9x5_yx-U_yclSwnvaPWLET1N8BB81&amp;index=11&amp;t=447s\">6.Soru<\/a><\/h2>\n\n\n\n<h2 class=\"wp-block-heading has-text-align-center\" style=\"font-style:italic;font-weight:800\"><a href=\"https:\/\/www.youtube.com\/watch?v=_WmWBXdqxSA&amp;list=PL_ac9x5_yx-U_yclSwnvaPWLET1N8BB81&amp;index=11&amp;t=480s\">7.Soru<\/a><\/h2>\n\n\n\n<h2 class=\"wp-block-heading has-text-align-center\" style=\"font-style:italic;font-weight:800\"><a href=\"https:\/\/www.youtube.com\/watch?v=_WmWBXdqxSA&amp;list=PL_ac9x5_yx-U_yclSwnvaPWLET1N8BB81&amp;index=11&amp;t=587s\">8.Soru<\/a><\/h2>\n\n\n\n<h2 class=\"wp-block-heading has-text-align-center\" style=\"font-style:italic;font-weight:800\"><a href=\"https:\/\/www.youtube.com\/watch?v=_WmWBXdqxSA&amp;list=PL_ac9x5_yx-U_yclSwnvaPWLET1N8BB81&amp;index=11&amp;t=725s\">9.Soru<\/a><\/h2>\n\n\n\n<h2 class=\"wp-block-heading has-text-align-center\" style=\"font-style:italic;font-weight:800\"><a href=\"https:\/\/www.youtube.com\/watch?v=_WmWBXdqxSA&amp;list=PL_ac9x5_yx-U_yclSwnvaPWLET1N8BB81&amp;index=11&amp;t=769s\">10.Soru<\/a><\/h2>\n\n\n\n<h2 class=\"wp-block-heading has-text-align-center\" style=\"font-style:italic;font-weight:800\"><a href=\"https:\/\/www.youtube.com\/watch?v=_WmWBXdqxSA&amp;list=PL_ac9x5_yx-U_yclSwnvaPWLET1N8BB81&amp;index=11&amp;t=824s\">11.Soru<\/a><\/h2>\n\n\n\n<h2 class=\"wp-block-heading has-text-align-center\" style=\"font-style:italic;font-weight:800\"><a href=\"https:\/\/www.youtube.com\/watch?v=_WmWBXdqxSA&amp;list=PL_ac9x5_yx-U_yclSwnvaPWLET1N8BB81&amp;index=11&amp;t=888s\">12.Soru<\/a><\/h2>\n\n\n\n<h2 class=\"wp-block-heading has-text-align-center\" style=\"font-style:italic;font-weight:800\"><a href=\"https:\/\/www.youtube.com\/watch?v=_WmWBXdqxSA&amp;list=PL_ac9x5_yx-U_yclSwnvaPWLET1N8BB81&amp;index=11&amp;t=923s\">13.Soru<\/a><\/h2>\n\n\n\n<h2 class=\"wp-block-heading has-text-align-center\" style=\"font-style:italic;font-weight:800\"><a href=\"https:\/\/www.youtube.com\/watch?v=_WmWBXdqxSA&amp;list=PL_ac9x5_yx-U_yclSwnvaPWLET1N8BB81&amp;index=11&amp;t=1046s\">14.Soru<\/a><\/h2>\n\n\n\n<h2 class=\"wp-block-heading has-text-align-center\" style=\"font-style:italic;font-weight:800\"><a href=\"https:\/\/www.youtube.com\/watch?v=_WmWBXdqxSA&amp;list=PL_ac9x5_yx-U_yclSwnvaPWLET1N8BB81&amp;index=11&amp;t=1178s\">15.Soru<\/a><\/h2>\n\n\n\n<h2 class=\"wp-block-heading has-text-align-center\" style=\"font-style:italic;font-weight:800\"><a href=\"https:\/\/www.youtube.com\/watch?v=_WmWBXdqxSA&amp;list=PL_ac9x5_yx-U_yclSwnvaPWLET1N8BB81&amp;index=11&amp;t=1251s\">16.Soru<\/a><\/h2>\n\n\n\n<h2 class=\"wp-block-heading has-text-align-center\" style=\"font-style:italic;font-weight:800\"><a href=\"https:\/\/www.youtube.com\/watch?v=_WmWBXdqxSA&amp;list=PL_ac9x5_yx-U_yclSwnvaPWLET1N8BB81&amp;index=11&amp;t=1314s\">17.Soru<\/a><\/h2>\n\n\n\n<h2 class=\"wp-block-heading has-text-align-center\" style=\"font-style:italic;font-weight:800\"><a href=\"https:\/\/www.youtube.com\/watch?v=_WmWBXdqxSA&amp;list=PL_ac9x5_yx-U_yclSwnvaPWLET1N8BB81&amp;index=11&amp;t=1396s\">18.Soru<\/a><\/h2>\n\n\n\n<h2 class=\"wp-block-heading has-text-align-center\" style=\"font-style:italic;font-weight:800\"><a href=\"https:\/\/www.youtube.com\/watch?v=_WmWBXdqxSA&amp;list=PL_ac9x5_yx-U_yclSwnvaPWLET1N8BB81&amp;index=11&amp;t=1444s\">19.Soru<\/a><\/h2>\n\n\n\n<h2 class=\"wp-block-heading has-text-align-center\" style=\"font-style:italic;font-weight:800\"><a href=\"https:\/\/www.youtube.com\/watch?v=_WmWBXdqxSA&amp;list=PL_ac9x5_yx-U_yclSwnvaPWLET1N8BB81&amp;index=11&amp;t=1510s\">20.Soru<\/a><\/h2>\n","protected":false},"excerpt":{"rendered":"<p>1.Soru 2.Soru 3.Soru 4.Soru 5.Soru 6.Soru 7.Soru 8.Soru 9.Soru 10.Soru 11.Soru 12.Soru 13.Soru 14.Soru 15.Soru 16.Soru 17.Soru 18.Soru 19.Soru 20.Soru<\/p>\n","protected":false},"author":1,"featured_media":0,"parent":0,"menu_order":0,"comment_status":"open","ping_status":"closed","template":"","meta":{"footnotes":""},"class_list":["post-34","page","type-page","status-publish",""],"_links":{"self":[{"href":"https:\/\/ultrafenakademi.net\/index.php\/wp-json\/wp\/v2\/pages\/34","targetHints":{"allow":["GET"]}}],"collection":[{"href":"https:\/\/ultrafenakademi.net\/index.php\/wp-json\/wp\/v2\/pages"}],"about":[{"href":"https:\/\/ultrafenakademi.net\/index.php\/wp-json\/wp\/v2\/types\/page"}],"author":[{"embeddable":true,"href":"https:\/\/ultrafenakademi.net\/index.php\/wp-json\/wp\/v2\/users\/1"}],"replies":[{"embeddable":true,"href":"https:\/\/ultrafenakademi.net\/index.php\/wp-json\/wp\/v2\/comments?post=34"}],"version-history":[{"count":30,"href":"https:\/\/ultrafenakademi.net\/index.php\/wp-json\/wp\/v2\/pages\/34\/revisions"}],"predecessor-version":[{"id":1017,"href":"https:\/\/ultrafenakademi.net\/index.php\/wp-json\/wp\/v2\/pages\/34\/revisions\/1017"}],"wp:attachment":[{"href":"https:\/\/ultrafenakademi.net\/index.php\/wp-json\/wp\/v2\/media?parent=34"}],"curies":[{"name":"wp","href":"https:\/\/api.w.org\/{rel}","templated":true}]}}