{"id":1234,"date":"2025-01-05T16:48:48","date_gmt":"2025-01-05T13:48:48","guid":{"rendered":"https:\/\/ultrafenakademi.net\/?page_id=1234"},"modified":"2025-03-08T18:40:03","modified_gmt":"2025-03-08T15:40:03","slug":"5-sinif-28-deneme-2024-2025-2-etkilesimli-tahta-uygulamasi","status":"publish","type":"page","link":"https:\/\/ultrafenakademi.net\/index.php\/5-sinif-28-deneme-2024-2025-2-etkilesimli-tahta-uygulamasi\/","title":{"rendered":"5.S\u0131n\u0131f 28.Deneme (2024-2025-2)- Etkile\u015fimli tahta uygulamas\u0131"},"content":{"rendered":"\n<div class=\"h5p-iframe-wrapper\"><iframe id=\"h5p-iframe-237\" class=\"h5p-iframe\" data-content-id=\"237\" style=\"height:1px\" src=\"about:blank\" frameBorder=\"0\" scrolling=\"no\" title=\"(2024-2025) 5.S\u0131n\u0131f 28.Deneme\"><\/iframe><\/div>\n\n\n\n<p><\/p>\n\n\n\n<figure class=\"wp-block-image size-large\"><img loading=\"lazy\" decoding=\"async\" width=\"1024\" height=\"230\" src=\"https:\/\/ultrafenakademi.net\/wp-content\/uploads\/2021\/02\/telefonyan3-1024x230.jpg\" alt=\"\" class=\"wp-image-24\" srcset=\"https:\/\/ultrafenakademi.net\/wp-content\/uploads\/2021\/02\/telefonyan3-1024x230.jpg 1024w, https:\/\/ultrafenakademi.net\/wp-content\/uploads\/2021\/02\/telefonyan3-300x67.jpg 300w, https:\/\/ultrafenakademi.net\/wp-content\/uploads\/2021\/02\/telefonyan3-768x172.jpg 768w, https:\/\/ultrafenakademi.net\/wp-content\/uploads\/2021\/02\/telefonyan3.jpg 1167w\" sizes=\"auto, (max-width: 1024px) 100vw, 1024px\" \/><\/figure>\n\n\n\n<div class=\"wp-block-image\"><figure class=\"aligncenter size-large\"><img decoding=\"async\" src=\"https:\/\/fenkampus.net\/resim\/cozum2.jpg\" alt=\"\"\/><\/figure><\/div>\n\n\n\n<h2 class=\"wp-block-heading has-text-align-center\" style=\"font-style:italic;font-weight:800\"><\/h2>\n\n\n\n<div class=\"wp-block-group is-layout-grid wp-container-core-group-is-layout-3844d78f wp-block-group-is-layout-grid\">\n<h2 class=\"wp-block-heading\"><a href=\"https:\/\/www.youtube.com\/watch?v=WF6PwE1Vkd8&amp;list=PL_ac9x5_yx-WGtu4uC1_O7WXnpt51UsLK&amp;index=1&amp;t=22s\">1.Soru<\/a><\/h2>\n\n\n\n<h2 class=\"wp-block-heading\"><a href=\"https:\/\/www.youtube.com\/watch?v=WF6PwE1Vkd8&amp;list=PL_ac9x5_yx-WGtu4uC1_O7WXnpt51UsLK&amp;index=1&amp;t=106s\">2.Soru<\/a><\/h2>\n\n\n\n<h2 class=\"wp-block-heading\"><a href=\"https:\/\/www.youtube.com\/watch?v=WF6PwE1Vkd8&amp;list=PL_ac9x5_yx-WGtu4uC1_O7WXnpt51UsLK&amp;index=1&amp;t=215s\">3.Soru<\/a><\/h2>\n\n\n\n<h2 class=\"wp-block-heading\"><a href=\"https:\/\/www.youtube.com\/watch?v=WF6PwE1Vkd8&amp;list=PL_ac9x5_yx-WGtu4uC1_O7WXnpt51UsLK&amp;index=1&amp;t=265s\">4.Soru<\/a><\/h2>\n\n\n\n<h2 class=\"wp-block-heading\"><a href=\"https:\/\/www.youtube.com\/watch?v=WF6PwE1Vkd8&amp;list=PL_ac9x5_yx-WGtu4uC1_O7WXnpt51UsLK&amp;index=1&amp;t=292s\">5.Soru<\/a><\/h2>\n\n\n\n<h2 class=\"wp-block-heading\"><a href=\"https:\/\/www.youtube.com\/watch?v=WF6PwE1Vkd8&amp;list=PL_ac9x5_yx-WGtu4uC1_O7WXnpt51UsLK&amp;index=1&amp;t=405s\">6.Soru<\/a><\/h2>\n\n\n\n<h2 class=\"wp-block-heading\"><a href=\"https:\/\/www.youtube.com\/watch?v=WF6PwE1Vkd8&amp;list=PL_ac9x5_yx-WGtu4uC1_O7WXnpt51UsLK&amp;index=1&amp;t=471s\">7.Soru<\/a><\/h2>\n\n\n\n<h2 class=\"wp-block-heading\"><a href=\"https:\/\/www.youtube.com\/watch?v=WF6PwE1Vkd8&amp;list=PL_ac9x5_yx-WGtu4uC1_O7WXnpt51UsLK&amp;index=1&amp;t=536s\">8.Soru<\/a><\/h2>\n\n\n\n<h2 class=\"wp-block-heading\"><a href=\"https:\/\/www.youtube.com\/watch?v=WF6PwE1Vkd8&amp;list=PL_ac9x5_yx-WGtu4uC1_O7WXnpt51UsLK&amp;index=1&amp;t=661s\">9.Soru<\/a><\/h2>\n\n\n\n<h2 class=\"wp-block-heading wp-container-content-ec55e6f3\"><a href=\"https:\/\/www.youtube.com\/watch?v=WF6PwE1Vkd8&amp;list=PL_ac9x5_yx-WGtu4uC1_O7WXnpt51UsLK&amp;index=1&amp;t=717s\">10.Soru<\/a><\/h2>\n\n\n\n<h2 class=\"wp-block-heading\"><a href=\"https:\/\/www.youtube.com\/watch?v=WF6PwE1Vkd8&amp;list=PL_ac9x5_yx-WGtu4uC1_O7WXnpt51UsLK&amp;index=1&amp;t=802s\">11.Soru<\/a><\/h2>\n\n\n\n<h2 class=\"wp-block-heading\"><a href=\"https:\/\/www.youtube.com\/watch?v=WF6PwE1Vkd8&amp;list=PL_ac9x5_yx-WGtu4uC1_O7WXnpt51UsLK&amp;index=1&amp;t=841s\">12.Soru<\/a><\/h2>\n\n\n\n<h2 class=\"wp-block-heading\"><a href=\"https:\/\/www.youtube.com\/watch?v=WF6PwE1Vkd8&amp;list=PL_ac9x5_yx-WGtu4uC1_O7WXnpt51UsLK&amp;index=1&amp;t=889s\">13.Soru<\/a><\/h2>\n\n\n\n<h2 class=\"wp-block-heading\"><a href=\"https:\/\/www.youtube.com\/watch?v=WF6PwE1Vkd8&amp;list=PL_ac9x5_yx-WGtu4uC1_O7WXnpt51UsLK&amp;index=1&amp;t=956s\">14.Soru<\/a><\/h2>\n\n\n\n<h2 class=\"wp-block-heading\"><a href=\"https:\/\/www.youtube.com\/watch?v=WF6PwE1Vkd8&amp;list=PL_ac9x5_yx-WGtu4uC1_O7WXnpt51UsLK&amp;index=1&amp;t=1039s\">15.Soru<\/a><\/h2>\n<\/div>\n\n\n\n<p><\/p>\n","protected":false},"excerpt":{"rendered":"<p>1.Soru 2.Soru 3.Soru 4.Soru 5.Soru 6.Soru 7.Soru 8.Soru 9.Soru 10.Soru 11.Soru 12.Soru 13.Soru 14.Soru 15.Soru<\/p>\n","protected":false},"author":1,"featured_media":0,"parent":0,"menu_order":0,"comment_status":"open","ping_status":"closed","template":"","meta":{"footnotes":""},"class_list":["post-1234","page","type-page","status-publish",""],"_links":{"self":[{"href":"https:\/\/ultrafenakademi.net\/index.php\/wp-json\/wp\/v2\/pages\/1234","targetHints":{"allow":["GET"]}}],"collection":[{"href":"https:\/\/ultrafenakademi.net\/index.php\/wp-json\/wp\/v2\/pages"}],"about":[{"href":"https:\/\/ultrafenakademi.net\/index.php\/wp-json\/wp\/v2\/types\/page"}],"author":[{"embeddable":true,"href":"https:\/\/ultrafenakademi.net\/index.php\/wp-json\/wp\/v2\/users\/1"}],"replies":[{"embeddable":true,"href":"https:\/\/ultrafenakademi.net\/index.php\/wp-json\/wp\/v2\/comments?post=1234"}],"version-history":[{"count":3,"href":"https:\/\/ultrafenakademi.net\/index.php\/wp-json\/wp\/v2\/pages\/1234\/revisions"}],"predecessor-version":[{"id":1265,"href":"https:\/\/ultrafenakademi.net\/index.php\/wp-json\/wp\/v2\/pages\/1234\/revisions\/1265"}],"wp:attachment":[{"href":"https:\/\/ultrafenakademi.net\/index.php\/wp-json\/wp\/v2\/media?parent=1234"}],"curies":[{"name":"wp","href":"https:\/\/api.w.org\/{rel}","templated":true}]}}